{"id":45391,"date":"2021-10-16T16:00:07","date_gmt":"2021-10-16T16:00:07","guid":{"rendered":""},"modified":"2026-03-24T10:43:46","modified_gmt":"2026-03-24T10:43:46","slug":"PPLSL-28364","status":"publish","type":"product","link":"https:\/\/pepelasalonline.com\/nl\/product\/PPLSL-28364\/","title":{"rendered":"INSTITUTO ESPA\u00d1OL ALO\u00cb VERA CR\u00c8ME POT 400ML"},"content":{"rendered":"","protected":false},"excerpt":{"rendered":"","protected":false},"featured_media":80356,"template":"","meta":[],"product_cat":[1532],"product_tag":[],"class_list":{"0":"post-45391","1":"product","2":"type-product","3":"status-publish","4":"has-post-thumbnail","6":"product_cat-PPLSL-2287-section-46-familia-2-subfamilia-5","8":"first","9":"instock","10":"shipping-taxable","11":"purchasable","12":"product-type-simple"},"_links":{"self":[{"href":"https:\/\/pepelasalonline.com\/nl\/wp-json\/wp\/v2\/product\/45391","targetHints":{"allow":["GET"]}}],"collection":[{"href":"https:\/\/pepelasalonline.com\/nl\/wp-json\/wp\/v2\/product"}],"about":[{"href":"https:\/\/pepelasalonline.com\/nl\/wp-json\/wp\/v2\/types\/product"}],"wp:featuredmedia":[{"embeddable":true,"href":"https:\/\/pepelasalonline.com\/nl\/wp-json\/wp\/v2\/media\/80356"}],"wp:attachment":[{"href":"https:\/\/pepelasalonline.com\/nl\/wp-json\/wp\/v2\/media?parent=45391"}],"wp:term":[{"taxonomy":"product_cat","embeddable":true,"href":"https:\/\/pepelasalonline.com\/nl\/wp-json\/wp\/v2\/product_cat?post=45391"},{"taxonomy":"product_tag","embeddable":true,"href":"https:\/\/pepelasalonline.com\/nl\/wp-json\/wp\/v2\/product_tag?post=45391"}],"curies":[{"name":"wp","href":"https:\/\/api.w.org\/{rel}","templated":true}]}}