{"id":18650,"date":"2020-08-07T05:00:04","date_gmt":"2020-08-07T05:00:04","guid":{"rendered":""},"modified":"2026-03-24T10:21:15","modified_gmt":"2026-03-24T09:21:15","slug":"PPLSL-90722","status":"publish","type":"product","link":"https:\/\/pepelasalonline.com\/nl\/product\/PPLSL-90722\/","title":{"rendered":"RUNDERHAAS"},"content":{"rendered":"<p>Entrecote is het meest gewaardeerde stuk rundvlees. Het vlees is altijd erg mals. Het is mager, met heel weinig vet, ideaal voor grillen, carpaccio, tartaar of de beroemde entrecote Wellington.<\/p>","protected":false},"excerpt":{"rendered":"<ul>\n<li>Gewicht ongeveer 250gr per stuk<\/li>\n<li>Nationaal D.O.<\/li>\n<li>(Asturi\u00eb, Galici\u00eb, Le\u00f3n)<\/li>\n<\/ul>","protected":false},"featured_media":109879,"template":"","meta":[],"product_cat":[1662],"product_tag":[],"class_list":{"0":"post-18650","1":"product","2":"type-product","3":"status-publish","4":"has-post-thumbnail","6":"product_cat-PPLSL-2780-section-1-familia-5-subfamilia-8","8":"first","9":"instock","10":"shipping-taxable","11":"purchasable","12":"product-type-simple"},"_links":{"self":[{"href":"https:\/\/pepelasalonline.com\/nl\/wp-json\/wp\/v2\/product\/18650","targetHints":{"allow":["GET"]}}],"collection":[{"href":"https:\/\/pepelasalonline.com\/nl\/wp-json\/wp\/v2\/product"}],"about":[{"href":"https:\/\/pepelasalonline.com\/nl\/wp-json\/wp\/v2\/types\/product"}],"wp:featuredmedia":[{"embeddable":true,"href":"https:\/\/pepelasalonline.com\/nl\/wp-json\/wp\/v2\/media\/109879"}],"wp:attachment":[{"href":"https:\/\/pepelasalonline.com\/nl\/wp-json\/wp\/v2\/media?parent=18650"}],"wp:term":[{"taxonomy":"product_cat","embeddable":true,"href":"https:\/\/pepelasalonline.com\/nl\/wp-json\/wp\/v2\/product_cat?post=18650"},{"taxonomy":"product_tag","embeddable":true,"href":"https:\/\/pepelasalonline.com\/nl\/wp-json\/wp\/v2\/product_tag?post=18650"}],"curies":[{"name":"wp","href":"https:\/\/api.w.org\/{rel}","templated":true}]}}