{"id":13321,"date":"2020-07-14T20:06:16","date_gmt":"2020-07-14T20:06:16","guid":{"rendered":""},"modified":"2026-03-24T10:42:31","modified_gmt":"2026-03-24T10:42:31","slug":"PPLSL-1592","status":"publish","type":"product","link":"https:\/\/pepelasalonline.com\/nl\/product\/PPLSL-1592\/","title":{"rendered":"JEDEN TAG GROENTEN IN BOTER 300GR"},"content":{"rendered":"<p>Groenten (32% erwten, 32% wortelen, 18, 5% bloemkool, 8% ma\u00efs), 6% boter, peterselie, gejodeerd zout, suiker, aardappelzetmeel,<br \/>\nuienpoeder.<\/p>","protected":false},"excerpt":{"rendered":"<p>Verduras (32% guisantes, zanahorias 32%, 18, 5% de coliflor, ma\u00edz 8%), manteca 6%, perejil, sal yodada, az\u00facar, almid\u00f3n de patata, polvo de cebolla.<\/p>","protected":false},"featured_media":470314,"template":"","meta":[],"product_cat":[1301],"product_tag":[],"class_list":{"0":"post-13321","1":"product","2":"type-product","3":"status-publish","4":"has-post-thumbnail","6":"product_cat-PPLSL-2071-section-42-familia-4-subfamilia-3","8":"first","9":"instock","10":"shipping-taxable","11":"purchasable","12":"product-type-simple"},"_links":{"self":[{"href":"https:\/\/pepelasalonline.com\/nl\/wp-json\/wp\/v2\/product\/13321","targetHints":{"allow":["GET"]}}],"collection":[{"href":"https:\/\/pepelasalonline.com\/nl\/wp-json\/wp\/v2\/product"}],"about":[{"href":"https:\/\/pepelasalonline.com\/nl\/wp-json\/wp\/v2\/types\/product"}],"wp:featuredmedia":[{"embeddable":true,"href":"https:\/\/pepelasalonline.com\/nl\/wp-json\/wp\/v2\/media\/470314"}],"wp:attachment":[{"href":"https:\/\/pepelasalonline.com\/nl\/wp-json\/wp\/v2\/media?parent=13321"}],"wp:term":[{"taxonomy":"product_cat","embeddable":true,"href":"https:\/\/pepelasalonline.com\/nl\/wp-json\/wp\/v2\/product_cat?post=13321"},{"taxonomy":"product_tag","embeddable":true,"href":"https:\/\/pepelasalonline.com\/nl\/wp-json\/wp\/v2\/product_tag?post=13321"}],"curies":[{"name":"wp","href":"https:\/\/api.w.org\/{rel}","templated":true}]}}