{"id":12358,"date":"2020-07-14T20:04:58","date_gmt":"2020-07-14T20:04:58","guid":{"rendered":""},"modified":"2026-04-06T17:53:00","modified_gmt":"2026-04-06T15:53:00","slug":"PPLSL-90721","status":"publish","type":"product","link":"https:\/\/pepelasalonline.com\/nl\/product\/PPLSL-90721\/","title":{"rendered":"ENTRECOTE VAN NATIONAAL RUNDVLEES"},"content":{"rendered":"<p>Hoog lendenstuk van nationaal rundvlees. Ideaal voor barbecue en grillen.<\/p>","protected":false},"excerpt":{"rendered":"<ul>\n<li>Eenheid 250gr ongeveer.<\/li>\n<li>Herkomst Noord-Spanje<\/li>\n<li>(Galici\u00eb, Asturi\u00eb, Le\u00f3n)<\/li>\n<\/ul>","protected":false},"featured_media":109878,"template":"","meta":[],"product_cat":[1744,1658],"product_tag":[],"class_list":{"0":"post-12358","1":"product","2":"type-product","3":"status-publish","4":"has-post-thumbnail","6":"product_cat-PPLSL-2862-section-58-familia-1-subfamilia-1","7":"product_cat-PPLSL-2779-section-1-familia-5-subfamilia-7","9":"first","10":"outofstock","11":"shipping-taxable","12":"purchasable","13":"product-type-simple"},"_links":{"self":[{"href":"https:\/\/pepelasalonline.com\/nl\/wp-json\/wp\/v2\/product\/12358","targetHints":{"allow":["GET"]}}],"collection":[{"href":"https:\/\/pepelasalonline.com\/nl\/wp-json\/wp\/v2\/product"}],"about":[{"href":"https:\/\/pepelasalonline.com\/nl\/wp-json\/wp\/v2\/types\/product"}],"wp:featuredmedia":[{"embeddable":true,"href":"https:\/\/pepelasalonline.com\/nl\/wp-json\/wp\/v2\/media\/109878"}],"wp:attachment":[{"href":"https:\/\/pepelasalonline.com\/nl\/wp-json\/wp\/v2\/media?parent=12358"}],"wp:term":[{"taxonomy":"product_cat","embeddable":true,"href":"https:\/\/pepelasalonline.com\/nl\/wp-json\/wp\/v2\/product_cat?post=12358"},{"taxonomy":"product_tag","embeddable":true,"href":"https:\/\/pepelasalonline.com\/nl\/wp-json\/wp\/v2\/product_tag?post=12358"}],"curies":[{"name":"wp","href":"https:\/\/api.w.org\/{rel}","templated":true}]}}