{"id":11378,"date":"2020-07-14T20:02:54","date_gmt":"2020-07-14T20:02:54","guid":{"rendered":""},"modified":"2026-03-24T10:40:34","modified_gmt":"2026-03-24T10:40:34","slug":"PPLSL-9690","status":"publish","type":"product","link":"https:\/\/pepelasalonline.com\/nl\/product\/PPLSL-9690\/","title":{"rendered":"JT. LINSENEINTOPF 800GR"},"content":{"rendered":"<p>Water, 15% linzen, 6, 2% buikspek (varkensvlees, gejodeerd zout, dextrose, glucosestroop, kruidenextract, rook), 4% van<br \/>\naardappel, 3, 4% wortel, tomatenpuree, uienpuree, gemodificeerd ma\u00efszetmeel, mosterd (water, mosterdzaad, de<br \/>\nAzijn met kruidenextracten (suikerbietenmelasse, water, natuurlijk aroma, karamel), zout, plantaardige olie, tarwebloem,<br \/>\nnatuurlijk aroma, kruiden (waaronder selderij), prei, verdikkingsmiddel: gom.<\/p>","protected":false},"excerpt":{"rendered":"<p>Agua, 15% de lentejas, 6, 2% vientre de cerdo (cerdo, sal yodada, dextrosa, jarabe de glucosa, extracto de especias, humo), 4% de patata, 3, 4% de zanahoria, pasta de tomate, pur\u00e9 de cebolla, de almid\u00f3n de ma\u00edz modificado, mostaza (agua, semillas de mostaza, el vinagre con extractos de hierbas (melaza de remolacha de az\u00facar, agua, [&hellip;]<\/p>\n","protected":false},"featured_media":78560,"template":"","meta":[],"product_cat":[1103],"product_tag":[],"class_list":{"0":"post-11378","1":"product","2":"type-product","3":"status-publish","4":"has-post-thumbnail","6":"product_cat-PPLSL-2612-section-40-familia-9-subfamilia-7","8":"first","9":"instock","10":"shipping-taxable","11":"purchasable","12":"product-type-simple"},"_links":{"self":[{"href":"https:\/\/pepelasalonline.com\/nl\/wp-json\/wp\/v2\/product\/11378","targetHints":{"allow":["GET"]}}],"collection":[{"href":"https:\/\/pepelasalonline.com\/nl\/wp-json\/wp\/v2\/product"}],"about":[{"href":"https:\/\/pepelasalonline.com\/nl\/wp-json\/wp\/v2\/types\/product"}],"wp:featuredmedia":[{"embeddable":true,"href":"https:\/\/pepelasalonline.com\/nl\/wp-json\/wp\/v2\/media\/78560"}],"wp:attachment":[{"href":"https:\/\/pepelasalonline.com\/nl\/wp-json\/wp\/v2\/media?parent=11378"}],"wp:term":[{"taxonomy":"product_cat","embeddable":true,"href":"https:\/\/pepelasalonline.com\/nl\/wp-json\/wp\/v2\/product_cat?post=11378"},{"taxonomy":"product_tag","embeddable":true,"href":"https:\/\/pepelasalonline.com\/nl\/wp-json\/wp\/v2\/product_tag?post=11378"}],"curies":[{"name":"wp","href":"https:\/\/api.w.org\/{rel}","templated":true}]}}