{"id":11358,"date":"2020-07-14T20:02:50","date_gmt":"2020-07-14T20:02:50","guid":{"rendered":""},"modified":"2026-03-24T10:40:32","modified_gmt":"2026-03-24T10:40:32","slug":"pplsl-7820","status":"publish","type":"product","link":"https:\/\/pepelasalonline.com\/nl\/product\/pplsl-7820\/","title":{"rendered":"WERTHER'S ORIGINELE SAHNEBONBONS 120GR."},"content":{"rendered":"<p>Suiker, glucosestroop, room7%, zoete karnemelk, boter 4,5%, rietsuikerstroop, zout, boterolie,<br \/>\nsojalecithine, aroma, vanille<\/p>","protected":false},"excerpt":{"rendered":"<p>Az\u00facar, jarabe de glucosa, nata7%, suero de leche dulce, mantequilla 4,5%, jarabe de az\u00facar de ca\u00f1a, sal, aceite de mantequilla, lecitina de soja, aroma, vainilla<\/p>","protected":false},"featured_media":112189,"template":"","meta":[],"product_cat":[1198],"product_tag":[],"class_list":{"0":"post-11358","1":"product","2":"type-product","3":"status-publish","4":"has-post-thumbnail","6":"product_cat-PPLSL-1978-section-40-familia-22-subfamilia-5","8":"first","9":"instock","10":"shipping-taxable","11":"purchasable","12":"product-type-simple"},"_links":{"self":[{"href":"https:\/\/pepelasalonline.com\/nl\/wp-json\/wp\/v2\/product\/11358","targetHints":{"allow":["GET"]}}],"collection":[{"href":"https:\/\/pepelasalonline.com\/nl\/wp-json\/wp\/v2\/product"}],"about":[{"href":"https:\/\/pepelasalonline.com\/nl\/wp-json\/wp\/v2\/types\/product"}],"wp:featuredmedia":[{"embeddable":true,"href":"https:\/\/pepelasalonline.com\/nl\/wp-json\/wp\/v2\/media\/112189"}],"wp:attachment":[{"href":"https:\/\/pepelasalonline.com\/nl\/wp-json\/wp\/v2\/media?parent=11358"}],"wp:term":[{"taxonomy":"product_cat","embeddable":true,"href":"https:\/\/pepelasalonline.com\/nl\/wp-json\/wp\/v2\/product_cat?post=11358"},{"taxonomy":"product_tag","embeddable":true,"href":"https:\/\/pepelasalonline.com\/nl\/wp-json\/wp\/v2\/product_tag?post=11358"}],"curies":[{"name":"wp","href":"https:\/\/api.w.org\/{rel}","templated":true}]}}