{"id":5200,"date":"2018-10-17T07:29:56","date_gmt":"2018-10-17T07:29:56","guid":{"rendered":"https:\/\/demo.madrasthemes.com\/electro\/?page_id=2"},"modified":"2020-05-22T19:22:18","modified_gmt":"2020-05-22T17:22:18","slug":"supermercados","status":"publish","type":"page","link":"https:\/\/pepelasalonline.com\/nl\/supermercados\/","title":{"rendered":"Supermercados"},"content":{"rendered":"<h3>MORAIRA<\/h3>\n<p>De supermarkt in het centrum van Moraira heeft een oppervlakte van 300 m\u00b2.<sup>2<\/sup> De winkel heeft een verkoopruimte en beschikt over een delicatessen-, slagerij-, fruit- en groenteafdeling. Het biedt directe klantenservice en een selectie van producten die speciaal gericht zijn op nationale klanten.<\/p>\n<h3>MORAIRA-TEULADA<\/h3>\n<p>Het heeft een oppervlakte van 950 m<sup>2<\/sup> waar klanten de delicatessen, slagerij, bakkerij en patisserie, vis, fruit en groente afdelingen vinden. Het biedt directe klantenservice en een selectie van de beste nationale en ge\u00efmporteerde producten. Het heeft ook een pers- en boekwinkeldienst.<\/p>\n<h3>BENITACHELL<\/h3>\n<p>Het heeft een oppervlakte van 700 m<sup>2<\/sup> waarin het een delicatessenzaak, slagerij, bakkerij, patisserie, fruit- en groenteafdeling heeft. Het biedt directe klantenservice en een grote keuze aan zowel nationale als ge\u00efmporteerde producten. Er is ook een persdienst.<\/p>\n<h3>BENISSA<\/h3>\n<p>De meest complete van onze supermarkten, met een oppervlakte van 2.500 m\u00b2.<sup>2<\/sup>Het heeft een delicatessenzaak, slagerij, bakkerij, patisserie, viswinkel, fruit- en groenteafdeling. Het biedt directe klantenservice en het grootste assortiment nationale en ge\u00efmporteerde producten aan de Costa Blanca. Het omvat een winkel met huishoudelijke artikelen en elektrische apparaten, evenals een persdienst, bar-restaurant, kapper, wasserette, benzinestation. <em>lage kust<\/em> en autowasstraat (handwasstraat).<\/p>\n<h3>PARKEREN<\/h3>\n<p>Pepe la Sal supermarkten beschikken over <em>parkeerterreinen<\/em> gratis priv\u00e9parkeerplaatsen zodat klanten geen parkeerproblemen hebben als ze boodschappen willen doen. De parkeerplaatsen die we aanbieden:<\/p>\n<p><em>Parkeren<\/em> Pepe la Sal Benitachell (Cumbre del Sol) - 39 ongedekte plaatsen;<br \/>\n<em>Parkeren<\/em> Pepe la Sal Barclays Winkelcentrum - 28 binnen- en 69 buitenruimtes;<br \/>\n<em>Parkeren<\/em> Pepe la Sal Benissa (weg Calpe-Moraira) heeft 3 parkeerplaatsen:<\/p>\n<ul>\n<li>Verdieping 0 - 29 onbedekte plaatsen;<\/li>\n<li>Verdieping I - 20 onoverdekte plaatsen en 32 overdekte plaatsen;<\/li>\n<li>Verdieping II - 37 onoverdekte plaatsen en 47 overdekte plaatsen.<\/li>\n<\/ul>","protected":false},"excerpt":{"rendered":"<p>MORAIRA El supermercado situado en el centro de Moraira cuenta con una superficie de 300 m2 de sala de venta y dispone de las secciones de charcuter\u00eda, carnicer\u00eda, fruta y verdura. Ofrece trato directo al cliente, as\u00ed como una selecci\u00f3n de productos especialmente enfocados al cliente nacional. MORAIRA-TEULADA Cuenta con una superficie de 950 m2 [&hellip;]<\/p>\n","protected":false},"author":1,"featured_media":0,"parent":0,"menu_order":0,"comment_status":"closed","ping_status":"open","template":"","meta":{"footnotes":""},"class_list":["post-5200","page","type-page","status-publish","hentry"],"_links":{"self":[{"href":"https:\/\/pepelasalonline.com\/nl\/wp-json\/wp\/v2\/pages\/5200","targetHints":{"allow":["GET"]}}],"collection":[{"href":"https:\/\/pepelasalonline.com\/nl\/wp-json\/wp\/v2\/pages"}],"about":[{"href":"https:\/\/pepelasalonline.com\/nl\/wp-json\/wp\/v2\/types\/page"}],"author":[{"embeddable":true,"href":"https:\/\/pepelasalonline.com\/nl\/wp-json\/wp\/v2\/users\/1"}],"replies":[{"embeddable":true,"href":"https:\/\/pepelasalonline.com\/nl\/wp-json\/wp\/v2\/comments?post=5200"}],"version-history":[{"count":2,"href":"https:\/\/pepelasalonline.com\/nl\/wp-json\/wp\/v2\/pages\/5200\/revisions"}],"predecessor-version":[{"id":10394,"href":"https:\/\/pepelasalonline.com\/nl\/wp-json\/wp\/v2\/pages\/5200\/revisions\/10394"}],"wp:attachment":[{"href":"https:\/\/pepelasalonline.com\/nl\/wp-json\/wp\/v2\/media?parent=5200"}],"curies":[{"name":"wp","href":"https:\/\/api.w.org\/{rel}","templated":true}]}}