{"id":2494,"date":"2016-03-09T05:41:44","date_gmt":"2016-03-09T05:41:44","guid":{"rendered":"https:\/\/demo2.chethemes.com\/electro\/?page_id=2494"},"modified":"2020-05-22T19:14:57","modified_gmt":"2020-05-22T17:14:57","slug":"historia-de-la-empresa","status":"publish","type":"page","link":"https:\/\/pepelasalonline.com\/nl\/historia-de-la-empresa\/","title":{"rendered":"Historia de la empresa"},"content":{"rendered":"<div  class=\"section-element\"><div class=\"row\"><div class=\"large-12 nasa-col columns\"><div  class=\"wpb_text_column wpb_content_element\"><p>Het bedrijf Pepe la Sal werd in 1935 opgericht als kruidenierswinkel in de stad Moraira. De oprichter was Jos\u00e9 Font Ortol\u00e1, ook bekend als Pepe la Sal en bijgenaamd Pepe la Sal omdat hij zout verkocht in het dorp.<\/p>\n<p>Na een paar jaar trouwden zijn twee zonen, Vicente en Jos\u00e9 Font Vives, met de zussen Joaquina en Juanita Vall\u00e9s Garc\u00eda. Ze namen samen de kruidenierswinkel in Moraira over en openden een kleine kruidenierswinkel van 80 m2.<sup>2<\/sup> in 1967, waarin basisvoedingsmiddelen werden verkocht.<\/p>\n<p>Later, in 1968, verwierven ze wat land in de zogenaamde Urbanizaci\u00f3n San Jaime, grenzend aan de weg Moraira-Calpe (KM 3), en openden een voederplaats van ongeveer 250 m.<sup>2<\/sup>.<\/p>\n<p>In de loop der jaren is het omgevormd tot het huidige PEPE LA SAL WINKELCENTRUM in 2003. Op dit moment heeft het een commerci\u00eble oppervlakte van 2.500 m\u00b2.<sup>2<\/sup>De nieuwe winkels zijn verdeeld over de supermarkt en een winkelgalerij met verschillende winkels. De bedoeling is om een betere service te bieden aan de klanten, van wie de meesten buitenlanders zijn.<\/p>\n<p>In 1983 kocht het bedrijf een supermarkt in het zogenaamde CENTRO COMERCIAL EUROPEO, gelegen aan de weg Moraira-Teulada (KM 1,5), die in 2006 werd gesloten vanwege de opening van de supermarkt in het BARCLAYS COMMERCIAL CENTRE, vlakbij de vorige.<\/p>\n<p>In het jaar 2000 werd er een supermarkt geopend in het centrum van Moraira, met een oppervlakte van ongeveer 300 m\u00b2.<sup>2<\/sup>in Calle Las Vi\u00f1as, met een meer basisassortiment voor de nationale klant.<\/p>\n<p>Naast de opening van de supermarkt in het Barclays Shopping Centre in 2006, werd er ook een supermarkt geopend in de urbanisatie Cumbre del Sol in Benitachell, met een oppervlakte van 700 m2.<sup>2<\/sup>.<\/p>\n<p>Sinds 2004 wordt het bedrijf gerund door de kinderen van Joaquina en Vicente en door de kinderen van Juanita en Jos\u00e9.<\/p>\n<\/div><\/div><\/div><\/div>","protected":false},"excerpt":{"rendered":"","protected":false},"author":1,"featured_media":0,"parent":0,"menu_order":0,"comment_status":"closed","ping_status":"closed","template":"","meta":{"footnotes":""},"class_list":["post-2494","page","type-page","status-publish","hentry"],"_links":{"self":[{"href":"https:\/\/pepelasalonline.com\/nl\/wp-json\/wp\/v2\/pages\/2494","targetHints":{"allow":["GET"]}}],"collection":[{"href":"https:\/\/pepelasalonline.com\/nl\/wp-json\/wp\/v2\/pages"}],"about":[{"href":"https:\/\/pepelasalonline.com\/nl\/wp-json\/wp\/v2\/types\/page"}],"author":[{"embeddable":true,"href":"https:\/\/pepelasalonline.com\/nl\/wp-json\/wp\/v2\/users\/1"}],"replies":[{"embeddable":true,"href":"https:\/\/pepelasalonline.com\/nl\/wp-json\/wp\/v2\/comments?post=2494"}],"version-history":[{"count":4,"href":"https:\/\/pepelasalonline.com\/nl\/wp-json\/wp\/v2\/pages\/2494\/revisions"}],"predecessor-version":[{"id":10383,"href":"https:\/\/pepelasalonline.com\/nl\/wp-json\/wp\/v2\/pages\/2494\/revisions\/10383"}],"wp:attachment":[{"href":"https:\/\/pepelasalonline.com\/nl\/wp-json\/wp\/v2\/media?parent=2494"}],"curies":[{"name":"wp","href":"https:\/\/api.w.org\/{rel}","templated":true}]}}