{"id":99020,"date":"2025-03-08T18:00:09","date_gmt":"2025-03-08T18:00:09","guid":{"rendered":""},"modified":"2026-03-24T10:45:20","modified_gmt":"2026-03-24T10:45:20","slug":"pplsl-38097","status":"publish","type":"product","link":"https:\/\/pepelasalonline.com\/fr\/product\/pplsl-38097\/","title":{"rendered":"EL POZO BO\u00ceTE DE P\u00c2TES AUX \u00c9PINARDS ET \u00c0 LA RICOTTA 280GR"},"content":{"rendered":"","protected":false},"excerpt":{"rendered":"","protected":false},"featured_media":99216,"template":"","meta":[],"product_cat":[1228],"product_tag":[],"class_list":{"0":"post-99020","1":"product","2":"type-product","3":"status-publish","4":"has-post-thumbnail","6":"product_cat-PPLSL-2001-section-41-familia-1-subfamilia-7","8":"first","9":"instock","10":"shipping-taxable","11":"purchasable","12":"product-type-simple"},"_links":{"self":[{"href":"https:\/\/pepelasalonline.com\/fr\/wp-json\/wp\/v2\/product\/99020","targetHints":{"allow":["GET"]}}],"collection":[{"href":"https:\/\/pepelasalonline.com\/fr\/wp-json\/wp\/v2\/product"}],"about":[{"href":"https:\/\/pepelasalonline.com\/fr\/wp-json\/wp\/v2\/types\/product"}],"wp:featuredmedia":[{"embeddable":true,"href":"https:\/\/pepelasalonline.com\/fr\/wp-json\/wp\/v2\/media\/99216"}],"wp:attachment":[{"href":"https:\/\/pepelasalonline.com\/fr\/wp-json\/wp\/v2\/media?parent=99020"}],"wp:term":[{"taxonomy":"product_cat","embeddable":true,"href":"https:\/\/pepelasalonline.com\/fr\/wp-json\/wp\/v2\/product_cat?post=99020"},{"taxonomy":"product_tag","embeddable":true,"href":"https:\/\/pepelasalonline.com\/fr\/wp-json\/wp\/v2\/product_tag?post=99020"}],"curies":[{"name":"wp","href":"https:\/\/api.w.org\/{rel}","templated":true}]}}