{"id":94719,"date":"2024-11-26T21:00:06","date_gmt":"2024-11-26T21:00:06","guid":{"rendered":""},"modified":"2026-03-24T10:45:15","modified_gmt":"2026-03-24T10:45:15","slug":"PPLSL-37698","status":"publish","type":"product","link":"https:\/\/pepelasalonline.com\/fr\/product\/PPLSL-37698\/","title":{"rendered":"JAMBON IB\u00c9RIQUE COUP\u00c9 \u00c0 LA MAIN ET NOURRI AU GLAND 80GR"},"content":{"rendered":"","protected":false},"excerpt":{"rendered":"","protected":false},"featured_media":94785,"template":"","meta":[],"product_cat":[1247],"product_tag":[],"class_list":{"0":"post-94719","1":"product","2":"type-product","3":"status-publish","4":"has-post-thumbnail","6":"product_cat-PPLSL-2019-section-41-familia-5-subfamilia-9","8":"first","9":"instock","10":"shipping-taxable","11":"purchasable","12":"product-type-simple"},"_links":{"self":[{"href":"https:\/\/pepelasalonline.com\/fr\/wp-json\/wp\/v2\/product\/94719","targetHints":{"allow":["GET"]}}],"collection":[{"href":"https:\/\/pepelasalonline.com\/fr\/wp-json\/wp\/v2\/product"}],"about":[{"href":"https:\/\/pepelasalonline.com\/fr\/wp-json\/wp\/v2\/types\/product"}],"wp:featuredmedia":[{"embeddable":true,"href":"https:\/\/pepelasalonline.com\/fr\/wp-json\/wp\/v2\/media\/94785"}],"wp:attachment":[{"href":"https:\/\/pepelasalonline.com\/fr\/wp-json\/wp\/v2\/media?parent=94719"}],"wp:term":[{"taxonomy":"product_cat","embeddable":true,"href":"https:\/\/pepelasalonline.com\/fr\/wp-json\/wp\/v2\/product_cat?post=94719"},{"taxonomy":"product_tag","embeddable":true,"href":"https:\/\/pepelasalonline.com\/fr\/wp-json\/wp\/v2\/product_tag?post=94719"}],"curies":[{"name":"wp","href":"https:\/\/api.w.org\/{rel}","templated":true}]}}