{"id":74768,"date":"2024-04-25T11:00:02","date_gmt":"2024-04-25T11:00:02","guid":{"rendered":""},"modified":"2026-03-24T10:45:13","modified_gmt":"2026-03-24T10:45:13","slug":"PPLSL-36444","status":"publish","type":"product","link":"https:\/\/pepelasalonline.com\/fr\/product\/PPLSL-36444\/","title":{"rendered":"VEGETALIA BURGER V\u00c9G\u00c9TARIEN \u00c0 L'ARTICHAUT BIO 160GR"},"content":{"rendered":"","protected":false},"excerpt":{"rendered":"","protected":false},"featured_media":74906,"template":"","meta":[],"product_cat":[1599],"product_tag":[],"class_list":{"0":"post-74768","1":"product","2":"type-product","3":"status-publish","4":"has-post-thumbnail","6":"product_cat-PPLSL-2546-section-50-familia-10-subfamilia-1","8":"first","9":"instock","10":"shipping-taxable","11":"purchasable","12":"product-type-simple"},"_links":{"self":[{"href":"https:\/\/pepelasalonline.com\/fr\/wp-json\/wp\/v2\/product\/74768","targetHints":{"allow":["GET"]}}],"collection":[{"href":"https:\/\/pepelasalonline.com\/fr\/wp-json\/wp\/v2\/product"}],"about":[{"href":"https:\/\/pepelasalonline.com\/fr\/wp-json\/wp\/v2\/types\/product"}],"wp:featuredmedia":[{"embeddable":true,"href":"https:\/\/pepelasalonline.com\/fr\/wp-json\/wp\/v2\/media\/74906"}],"wp:attachment":[{"href":"https:\/\/pepelasalonline.com\/fr\/wp-json\/wp\/v2\/media?parent=74768"}],"wp:term":[{"taxonomy":"product_cat","embeddable":true,"href":"https:\/\/pepelasalonline.com\/fr\/wp-json\/wp\/v2\/product_cat?post=74768"},{"taxonomy":"product_tag","embeddable":true,"href":"https:\/\/pepelasalonline.com\/fr\/wp-json\/wp\/v2\/product_tag?post=74768"}],"curies":[{"name":"wp","href":"https:\/\/api.w.org\/{rel}","templated":true}]}}