{"id":65203,"date":"2024-03-30T21:46:34","date_gmt":"2024-03-30T21:46:34","guid":{"rendered":""},"modified":"2026-03-24T19:09:40","modified_gmt":"2026-03-24T18:09:40","slug":"PPLSL-28530","status":"publish","type":"product","link":"https:\/\/pepelasalonline.com\/fr\/product\/PPLSL-28530\/","title":{"rendered":"S\u00c9R\u00c9 VALIO MANGUE ET VANILLE 18G DE PROT\u00c9INES 175GR"},"content":{"rendered":"","protected":false},"excerpt":{"rendered":"","protected":false},"featured_media":76970,"template":"","meta":[],"product_cat":[1266],"product_tag":[],"class_list":{"0":"post-65203","1":"product","2":"type-product","3":"status-publish","4":"has-post-thumbnail","6":"product_cat-PPLSL-2039-section-41-familia-8-subfamilia-8","8":"first","9":"instock","10":"sale","11":"shipping-taxable","12":"purchasable","13":"product-type-simple"},"_links":{"self":[{"href":"https:\/\/pepelasalonline.com\/fr\/wp-json\/wp\/v2\/product\/65203","targetHints":{"allow":["GET"]}}],"collection":[{"href":"https:\/\/pepelasalonline.com\/fr\/wp-json\/wp\/v2\/product"}],"about":[{"href":"https:\/\/pepelasalonline.com\/fr\/wp-json\/wp\/v2\/types\/product"}],"wp:featuredmedia":[{"embeddable":true,"href":"https:\/\/pepelasalonline.com\/fr\/wp-json\/wp\/v2\/media\/76970"}],"wp:attachment":[{"href":"https:\/\/pepelasalonline.com\/fr\/wp-json\/wp\/v2\/media?parent=65203"}],"wp:term":[{"taxonomy":"product_cat","embeddable":true,"href":"https:\/\/pepelasalonline.com\/fr\/wp-json\/wp\/v2\/product_cat?post=65203"},{"taxonomy":"product_tag","embeddable":true,"href":"https:\/\/pepelasalonline.com\/fr\/wp-json\/wp\/v2\/product_tag?post=65203"}],"curies":[{"name":"wp","href":"https:\/\/api.w.org\/{rel}","templated":true}]}}