{"id":65119,"date":"2024-03-30T21:46:08","date_gmt":"2024-03-30T21:46:08","guid":{"rendered":""},"modified":"2026-03-24T10:43:36","modified_gmt":"2026-03-24T10:43:36","slug":"PPLSL-26923","status":"publish","type":"product","link":"https:\/\/pepelasalonline.com\/fr\/product\/PPLSL-26923\/","title":{"rendered":"C\u00d4NE EXTR\u00caME NESTLE CR\u00c8ME FRAISE 6 PI\u00c8CES"},"content":{"rendered":"","protected":false},"excerpt":{"rendered":"","protected":false},"featured_media":77031,"template":"","meta":[],"product_cat":[1320],"product_tag":[],"class_list":{"0":"post-65119","1":"product","2":"type-product","3":"status-publish","4":"has-post-thumbnail","6":"product_cat-PPLSL-2088-section-42-familia-10-subfamilia-1","8":"first","9":"instock","10":"shipping-taxable","11":"purchasable","12":"product-type-simple"},"_links":{"self":[{"href":"https:\/\/pepelasalonline.com\/fr\/wp-json\/wp\/v2\/product\/65119","targetHints":{"allow":["GET"]}}],"collection":[{"href":"https:\/\/pepelasalonline.com\/fr\/wp-json\/wp\/v2\/product"}],"about":[{"href":"https:\/\/pepelasalonline.com\/fr\/wp-json\/wp\/v2\/types\/product"}],"wp:featuredmedia":[{"embeddable":true,"href":"https:\/\/pepelasalonline.com\/fr\/wp-json\/wp\/v2\/media\/77031"}],"wp:attachment":[{"href":"https:\/\/pepelasalonline.com\/fr\/wp-json\/wp\/v2\/media?parent=65119"}],"wp:term":[{"taxonomy":"product_cat","embeddable":true,"href":"https:\/\/pepelasalonline.com\/fr\/wp-json\/wp\/v2\/product_cat?post=65119"},{"taxonomy":"product_tag","embeddable":true,"href":"https:\/\/pepelasalonline.com\/fr\/wp-json\/wp\/v2\/product_tag?post=65119"}],"curies":[{"name":"wp","href":"https:\/\/api.w.org\/{rel}","templated":true}]}}