{"id":64179,"date":"2024-03-30T21:42:28","date_gmt":"2024-03-30T21:42:28","guid":{"rendered":""},"modified":"2026-03-24T10:41:07","modified_gmt":"2026-03-24T10:41:07","slug":"pplsl-21219","status":"publish","type":"product","link":"https:\/\/pepelasalonline.com\/fr\/product\/pplsl-21219\/","title":{"rendered":"\u00c9PINARDS SAUT\u00c9S FINDUS \u00c0 L'AIL 450G"},"content":{"rendered":"","protected":false},"excerpt":{"rendered":"","protected":false},"featured_media":74795,"template":"","meta":[],"product_cat":[1279],"product_tag":[],"class_list":{"0":"post-64179","1":"product","2":"type-product","3":"status-publish","4":"has-post-thumbnail","6":"product_cat-PPLSL-2051-section-42-familia-1-subfamilia-6","8":"first","9":"instock","10":"shipping-taxable","11":"purchasable","12":"product-type-simple"},"_links":{"self":[{"href":"https:\/\/pepelasalonline.com\/fr\/wp-json\/wp\/v2\/product\/64179","targetHints":{"allow":["GET"]}}],"collection":[{"href":"https:\/\/pepelasalonline.com\/fr\/wp-json\/wp\/v2\/product"}],"about":[{"href":"https:\/\/pepelasalonline.com\/fr\/wp-json\/wp\/v2\/types\/product"}],"wp:featuredmedia":[{"embeddable":true,"href":"https:\/\/pepelasalonline.com\/fr\/wp-json\/wp\/v2\/media\/74795"}],"wp:attachment":[{"href":"https:\/\/pepelasalonline.com\/fr\/wp-json\/wp\/v2\/media?parent=64179"}],"wp:term":[{"taxonomy":"product_cat","embeddable":true,"href":"https:\/\/pepelasalonline.com\/fr\/wp-json\/wp\/v2\/product_cat?post=64179"},{"taxonomy":"product_tag","embeddable":true,"href":"https:\/\/pepelasalonline.com\/fr\/wp-json\/wp\/v2\/product_tag?post=64179"}],"curies":[{"name":"wp","href":"https:\/\/api.w.org\/{rel}","templated":true}]}}