{"id":31468,"date":"2020-10-29T19:00:04","date_gmt":"2020-10-29T19:00:04","guid":{"rendered":""},"modified":"2026-03-24T10:43:48","modified_gmt":"2026-03-24T10:43:48","slug":"PPLSL-27349","status":"publish","type":"product","link":"https:\/\/pepelasalonline.com\/fr\/product\/PPLSL-27349\/","title":{"rendered":"SIROP DE PALO MISTELA PREMIUM 75CL"},"content":{"rendered":"<p>Ce vin de liqueur noble est \u00e9labor\u00e9 \u00e0 partir du c\u00e9page muscat d'Alexandrie et se caract\u00e9rise par ses ar\u00f4mes et ses saveurs.<br \/>\nDes saveurs fruit\u00e9es et sultanines, accompagn\u00e9es de notes complexes de bois grill\u00e9 d\u00e9gag\u00e9es par les bouchons d'infusion. A<br \/>\nboisson unique de grand prestige international, produite dans la c\u00e9l\u00e8bre r\u00e9gion d'Alicante de Teulada. Vins P.D.O. de<br \/>\nAlicante 75CL \/ 15%<\/p>","protected":false},"excerpt":{"rendered":"<ul>\n<li>INFUSION DE CH\u00caNE FRAN\u00c7AIS<\/li>\n<\/ul>","protected":false},"featured_media":80212,"template":"","meta":[],"product_cat":[1436,1741,1700],"product_tag":[],"class_list":{"0":"post-31468","1":"product","2":"type-product","3":"status-publish","4":"has-post-thumbnail","6":"product_cat-PPLSL-2491-section-44-familia-16-subfamilia-1","7":"product_cat-PPLSL-2757-section-54-familia-1-subfamilia-1","8":"product_cat-articulos_regionales","10":"first","11":"instock","12":"shipping-taxable","13":"purchasable","14":"product-type-simple"},"_links":{"self":[{"href":"https:\/\/pepelasalonline.com\/fr\/wp-json\/wp\/v2\/product\/31468","targetHints":{"allow":["GET"]}}],"collection":[{"href":"https:\/\/pepelasalonline.com\/fr\/wp-json\/wp\/v2\/product"}],"about":[{"href":"https:\/\/pepelasalonline.com\/fr\/wp-json\/wp\/v2\/types\/product"}],"wp:featuredmedia":[{"embeddable":true,"href":"https:\/\/pepelasalonline.com\/fr\/wp-json\/wp\/v2\/media\/80212"}],"wp:attachment":[{"href":"https:\/\/pepelasalonline.com\/fr\/wp-json\/wp\/v2\/media?parent=31468"}],"wp:term":[{"taxonomy":"product_cat","embeddable":true,"href":"https:\/\/pepelasalonline.com\/fr\/wp-json\/wp\/v2\/product_cat?post=31468"},{"taxonomy":"product_tag","embeddable":true,"href":"https:\/\/pepelasalonline.com\/fr\/wp-json\/wp\/v2\/product_tag?post=31468"}],"curies":[{"name":"wp","href":"https:\/\/api.w.org\/{rel}","templated":true}]}}