{"id":31467,"date":"2020-10-29T19:00:04","date_gmt":"2020-10-29T19:00:04","guid":{"rendered":""},"modified":"2026-03-24T10:43:37","modified_gmt":"2026-03-24T10:43:37","slug":"PPLSL-27348","status":"publish","type":"product","link":"https:\/\/pepelasalonline.com\/fr\/product\/PPLSL-27348\/","title":{"rendered":"VERMOUTH ROUGE PREMIUM PALO SIROP 75CL"},"content":{"rendered":"<p>Vin mac\u00e9r\u00e9 avec des herbes soigneusement s\u00e9lectionn\u00e9es selon une recette ancienne h\u00e9rit\u00e9e de l'\u00e9poque m\u00e9di\u00e9vale, et<br \/>\nCe Vermouth pr\u00e9sente des ar\u00f4mes et des saveurs grill\u00e9s avec des notes de pain grill\u00e9 et une touche d'\u00e9pices.<br \/>\nLes saveurs \u00e9pic\u00e9es apport\u00e9es par les bouchons de ch\u00eane fran\u00e7ais atteignent un \u00e9quilibre parfait avec un arri\u00e8re-plan d'ar\u00f4mes de fruits et de l\u00e9gumes.<br \/>\nLes raisins et les raisins secs de la r\u00e9gion viticole de Muscat la plus renomm\u00e9e au monde. Teulada \/ Alicante \/ ESPAGNE 75CL \/ 15%<\/p>","protected":false},"excerpt":{"rendered":"<ul>\n<li>INFUSION DE CH\u00caNE FRAN\u00c7AIS<\/li>\n<\/ul>","protected":false},"featured_media":80211,"template":"","meta":[],"product_cat":[1741,1430,1700],"product_tag":[],"class_list":{"0":"post-31467","1":"product","2":"type-product","3":"status-publish","4":"has-post-thumbnail","6":"product_cat-PPLSL-2757-section-54-familia-1-subfamilia-1","7":"product_cat-PPLSL-2482-section-44-familia-15-subfamilia-2","8":"product_cat-articulos_regionales","10":"first","11":"instock","12":"shipping-taxable","13":"purchasable","14":"product-type-simple"},"_links":{"self":[{"href":"https:\/\/pepelasalonline.com\/fr\/wp-json\/wp\/v2\/product\/31467","targetHints":{"allow":["GET"]}}],"collection":[{"href":"https:\/\/pepelasalonline.com\/fr\/wp-json\/wp\/v2\/product"}],"about":[{"href":"https:\/\/pepelasalonline.com\/fr\/wp-json\/wp\/v2\/types\/product"}],"wp:featuredmedia":[{"embeddable":true,"href":"https:\/\/pepelasalonline.com\/fr\/wp-json\/wp\/v2\/media\/80211"}],"wp:attachment":[{"href":"https:\/\/pepelasalonline.com\/fr\/wp-json\/wp\/v2\/media?parent=31467"}],"wp:term":[{"taxonomy":"product_cat","embeddable":true,"href":"https:\/\/pepelasalonline.com\/fr\/wp-json\/wp\/v2\/product_cat?post=31467"},{"taxonomy":"product_tag","embeddable":true,"href":"https:\/\/pepelasalonline.com\/fr\/wp-json\/wp\/v2\/product_tag?post=31467"}],"curies":[{"name":"wp","href":"https:\/\/api.w.org\/{rel}","templated":true}]}}