{"id":18984,"date":"2020-08-13T17:00:03","date_gmt":"2020-08-13T17:00:03","guid":{"rendered":""},"modified":"2026-04-02T12:50:07","modified_gmt":"2026-04-02T12:50:07","slug":"pplsl-27098","status":"publish","type":"product","link":"https:\/\/pepelasalonline.com\/fr\/product\/pplsl-27098\/","title":{"rendered":"TACOS DE VEAU DE LAIT EN BROCHETTE"},"content":{"rendered":"<p>Fabriqu\u00e9 avec du veau de premi\u00e8re qualit\u00e9, des poivrons et des oignons et marin\u00e9 avec une sauce japonaise sucr\u00e9e (CONTIENT DU SOYA ET DU BL\u00c9).<\/p>","protected":false},"excerpt":{"rendered":"<ul>\n<li>Poids environ 200gr Unit\u00e9<\/li>\n<li>CONTIENT DU S\u00c9SAME<\/li>\n<li>CONTIENT DU GLUTEN<\/li>\n<li>CONTIENT DU SOJA<\/li>\n<\/ul>","protected":false},"featured_media":80153,"template":"","meta":[],"product_cat":[1744,1666],"product_tag":[],"class_list":{"0":"post-18984","1":"product","2":"type-product","3":"status-publish","4":"has-post-thumbnail","6":"product_cat-PPLSL-2862-section-58-familia-1-subfamilia-1","7":"product_cat-PPLSL-2785-section-1-familia-6-subfamilia-8","9":"first","10":"instock","11":"shipping-taxable","12":"purchasable","13":"product-type-simple"},"_links":{"self":[{"href":"https:\/\/pepelasalonline.com\/fr\/wp-json\/wp\/v2\/product\/18984","targetHints":{"allow":["GET"]}}],"collection":[{"href":"https:\/\/pepelasalonline.com\/fr\/wp-json\/wp\/v2\/product"}],"about":[{"href":"https:\/\/pepelasalonline.com\/fr\/wp-json\/wp\/v2\/types\/product"}],"wp:featuredmedia":[{"embeddable":true,"href":"https:\/\/pepelasalonline.com\/fr\/wp-json\/wp\/v2\/media\/80153"}],"wp:attachment":[{"href":"https:\/\/pepelasalonline.com\/fr\/wp-json\/wp\/v2\/media?parent=18984"}],"wp:term":[{"taxonomy":"product_cat","embeddable":true,"href":"https:\/\/pepelasalonline.com\/fr\/wp-json\/wp\/v2\/product_cat?post=18984"},{"taxonomy":"product_tag","embeddable":true,"href":"https:\/\/pepelasalonline.com\/fr\/wp-json\/wp\/v2\/product_tag?post=18984"}],"curies":[{"name":"wp","href":"https:\/\/api.w.org\/{rel}","templated":true}]}}