{"id":18889,"date":"2020-08-12T11:00:08","date_gmt":"2020-08-12T11:00:08","guid":{"rendered":""},"modified":"2026-03-24T10:41:50","modified_gmt":"2026-03-24T10:41:50","slug":"PPLSL-90501","status":"publish","type":"product","link":"https:\/\/pepelasalonline.com\/fr\/product\/PPLSL-90501\/","title":{"rendered":"TOMAHAWK NATIONAL"},"content":{"rendered":"<p>Pi\u00e8ce constitu\u00e9e du c\u0153ur pur de la longe de veau, accompagn\u00e9 d'un os de c\u00f4te. Il est id\u00e9al pour les barbecues et les r\u00f4tis au four.<\/p>","protected":false},"excerpt":{"rendered":"<ul>\n<li>Poids : environ 1,2 kg par pi\u00e8ce<\/li>\n<li>D.O. national<\/li>\n<li>(Asturies, Galice, Le\u00f3n)<\/li>\n<\/ul>","protected":false},"featured_media":109793,"template":"","meta":[],"product_cat":[1663],"product_tag":[],"class_list":{"0":"post-18889","1":"product","2":"type-product","3":"status-publish","4":"has-post-thumbnail","6":"product_cat-PPLSL-2781-section-1-familia-5-subfamilia-9","8":"first","9":"instock","10":"shipping-taxable","11":"purchasable","12":"product-type-simple"},"_links":{"self":[{"href":"https:\/\/pepelasalonline.com\/fr\/wp-json\/wp\/v2\/product\/18889","targetHints":{"allow":["GET"]}}],"collection":[{"href":"https:\/\/pepelasalonline.com\/fr\/wp-json\/wp\/v2\/product"}],"about":[{"href":"https:\/\/pepelasalonline.com\/fr\/wp-json\/wp\/v2\/types\/product"}],"wp:featuredmedia":[{"embeddable":true,"href":"https:\/\/pepelasalonline.com\/fr\/wp-json\/wp\/v2\/media\/109793"}],"wp:attachment":[{"href":"https:\/\/pepelasalonline.com\/fr\/wp-json\/wp\/v2\/media?parent=18889"}],"wp:term":[{"taxonomy":"product_cat","embeddable":true,"href":"https:\/\/pepelasalonline.com\/fr\/wp-json\/wp\/v2\/product_cat?post=18889"},{"taxonomy":"product_tag","embeddable":true,"href":"https:\/\/pepelasalonline.com\/fr\/wp-json\/wp\/v2\/product_tag?post=18889"}],"curies":[{"name":"wp","href":"https:\/\/api.w.org\/{rel}","templated":true}]}}