{"id":18888,"date":"2020-08-12T11:00:07","date_gmt":"2020-08-12T11:00:07","guid":{"rendered":""},"modified":"2026-03-24T10:41:50","modified_gmt":"2026-03-24T10:41:50","slug":"PPLSL-90504","status":"publish","type":"product","link":"https:\/\/pepelasalonline.com\/fr\/product\/PPLSL-90504\/","title":{"rendered":"ENTREC\u00d4TE DE B\u0152UF OKELAN"},"content":{"rendered":"<p>Entrec\u00f4te de b\u0153uf \u00e0 grande infiltration id\u00e9ale pour vos barbecues avec une maturation de 60 jours provenant de vaches de plus de 7 ans. Nous recommandons de temp\u00e9rer la viande avant la cuisson \u00e0 une temp\u00e9rature de 28o.<\/p>","protected":false},"excerpt":{"rendered":"<ul>\n<li>Poids approximatif de 300gr par pi\u00e8ce<\/li>\n<li>D.O. Pays Basque<\/li>\n<\/ul>","protected":false},"featured_media":109794,"template":"","meta":[],"product_cat":[1744,1661],"product_tag":[],"class_list":{"0":"post-18888","1":"product","2":"type-product","3":"status-publish","4":"has-post-thumbnail","6":"product_cat-PPLSL-2862-section-58-familia-1-subfamilia-1","7":"product_cat-PPLSL-2783-section-1-familia-9-subfamilia-1","9":"first","10":"instock","11":"shipping-taxable","12":"purchasable","13":"product-type-simple"},"_links":{"self":[{"href":"https:\/\/pepelasalonline.com\/fr\/wp-json\/wp\/v2\/product\/18888","targetHints":{"allow":["GET"]}}],"collection":[{"href":"https:\/\/pepelasalonline.com\/fr\/wp-json\/wp\/v2\/product"}],"about":[{"href":"https:\/\/pepelasalonline.com\/fr\/wp-json\/wp\/v2\/types\/product"}],"wp:featuredmedia":[{"embeddable":true,"href":"https:\/\/pepelasalonline.com\/fr\/wp-json\/wp\/v2\/media\/109794"}],"wp:attachment":[{"href":"https:\/\/pepelasalonline.com\/fr\/wp-json\/wp\/v2\/media?parent=18888"}],"wp:term":[{"taxonomy":"product_cat","embeddable":true,"href":"https:\/\/pepelasalonline.com\/fr\/wp-json\/wp\/v2\/product_cat?post=18888"},{"taxonomy":"product_tag","embeddable":true,"href":"https:\/\/pepelasalonline.com\/fr\/wp-json\/wp\/v2\/product_tag?post=18888"}],"curies":[{"name":"wp","href":"https:\/\/api.w.org\/{rel}","templated":true}]}}