{"id":18650,"date":"2020-08-07T05:00:04","date_gmt":"2020-08-07T05:00:04","guid":{"rendered":""},"modified":"2026-03-24T10:21:15","modified_gmt":"2026-03-24T09:21:15","slug":"PPLSL-90722","status":"publish","type":"product","link":"https:\/\/pepelasalonline.com\/fr\/product\/PPLSL-90722\/","title":{"rendered":"FILET DE B\u0152UF"},"content":{"rendered":"<p>Le faux-filet est le morceau de b\u0153uf le plus pris\u00e9. Sa viande est toujours tr\u00e8s tendre. Elle est maigre, avec tr\u00e8s peu de graisse, id\u00e9ale pour les grillades, le carpaccio, le tartare ou le fameux aloyau Wellington.<\/p>","protected":false},"excerpt":{"rendered":"<ul>\n<li>Poids approximatif de 250gr par pi\u00e8ce<\/li>\n<li>D.O. national<\/li>\n<li>(Asturies, Galice, Le\u00f3n)<\/li>\n<\/ul>","protected":false},"featured_media":109879,"template":"","meta":[],"product_cat":[1662],"product_tag":[],"class_list":{"0":"post-18650","1":"product","2":"type-product","3":"status-publish","4":"has-post-thumbnail","6":"product_cat-PPLSL-2780-section-1-familia-5-subfamilia-8","8":"first","9":"outofstock","10":"shipping-taxable","11":"purchasable","12":"product-type-simple"},"_links":{"self":[{"href":"https:\/\/pepelasalonline.com\/fr\/wp-json\/wp\/v2\/product\/18650","targetHints":{"allow":["GET"]}}],"collection":[{"href":"https:\/\/pepelasalonline.com\/fr\/wp-json\/wp\/v2\/product"}],"about":[{"href":"https:\/\/pepelasalonline.com\/fr\/wp-json\/wp\/v2\/types\/product"}],"wp:featuredmedia":[{"embeddable":true,"href":"https:\/\/pepelasalonline.com\/fr\/wp-json\/wp\/v2\/media\/109879"}],"wp:attachment":[{"href":"https:\/\/pepelasalonline.com\/fr\/wp-json\/wp\/v2\/media?parent=18650"}],"wp:term":[{"taxonomy":"product_cat","embeddable":true,"href":"https:\/\/pepelasalonline.com\/fr\/wp-json\/wp\/v2\/product_cat?post=18650"},{"taxonomy":"product_tag","embeddable":true,"href":"https:\/\/pepelasalonline.com\/fr\/wp-json\/wp\/v2\/product_tag?post=18650"}],"curies":[{"name":"wp","href":"https:\/\/api.w.org\/{rel}","templated":true}]}}