{"id":14331,"date":"2020-07-14T20:22:49","date_gmt":"2020-07-14T20:22:49","guid":{"rendered":""},"modified":"2026-03-24T10:42:33","modified_gmt":"2026-03-24T10:42:33","slug":"PPLSL-33","status":"publish","type":"product","link":"https:\/\/pepelasalonline.com\/fr\/product\/PPLSL-33\/","title":{"rendered":"VEGA SICILIA UNICO RIBERA DEL DUERO 75CL."},"content":{"rendered":"<p>Vin rouge D.O. Ribera de Duero, \u00e9labor\u00e9 avec les raisins 95% Tempranillo et 5% Cabernet Sauvignon. Ce vin est le fleuron de la maison Vega Sicilia, un vin reconnu et convoit\u00e9 dans le monde entier qu'il faut go\u00fbter au moins une fois dans sa vie. Son tr\u00e8s long vieillissement de 10 ans et son passage dans de multiples bois, conf\u00e8rent \u00e0 ce vin non seulement une incroyable capacit\u00e9 de vieillissement mais aussi une infinit\u00e9 de nuances qui raviront ceux qui le d\u00e9gustent.<\/p>","protected":false},"excerpt":{"rendered":"<ul>\n<li>Couleur rouge rubis intense et brillante.<\/li>\n<li>Frais et fruit\u00e9 avec des ar\u00f4mes de fruits rouges et noirs.<\/li>\n<li>Vin \u00e9l\u00e9gant et puissant, \u00e0 l'attaque fine et \u00e0 l'attaque franche.<\/li>\n<li>beaucoup de caract\u00e8re. Son corps opulent est doux<\/li>\n<\/ul>","protected":false},"featured_media":737446,"template":"","meta":[],"product_cat":[1385,1741],"product_tag":[],"class_list":{"0":"post-14331","1":"product","2":"type-product","3":"status-publish","4":"has-post-thumbnail","6":"product_cat-PPLSL-2155-section-44-familia-9-subfamilia-14","7":"product_cat-PPLSL-2757-section-54-familia-1-subfamilia-1","9":"first","10":"instock","11":"shipping-taxable","12":"purchasable","13":"product-type-simple"},"_links":{"self":[{"href":"https:\/\/pepelasalonline.com\/fr\/wp-json\/wp\/v2\/product\/14331","targetHints":{"allow":["GET"]}}],"collection":[{"href":"https:\/\/pepelasalonline.com\/fr\/wp-json\/wp\/v2\/product"}],"about":[{"href":"https:\/\/pepelasalonline.com\/fr\/wp-json\/wp\/v2\/types\/product"}],"wp:featuredmedia":[{"embeddable":true,"href":"https:\/\/pepelasalonline.com\/fr\/wp-json\/wp\/v2\/media\/737446"}],"wp:attachment":[{"href":"https:\/\/pepelasalonline.com\/fr\/wp-json\/wp\/v2\/media?parent=14331"}],"wp:term":[{"taxonomy":"product_cat","embeddable":true,"href":"https:\/\/pepelasalonline.com\/fr\/wp-json\/wp\/v2\/product_cat?post=14331"},{"taxonomy":"product_tag","embeddable":true,"href":"https:\/\/pepelasalonline.com\/fr\/wp-json\/wp\/v2\/product_tag?post=14331"}],"curies":[{"name":"wp","href":"https:\/\/api.w.org\/{rel}","templated":true}]}}