{"id":14057,"date":"2020-07-14T20:07:44","date_gmt":"2020-07-14T20:07:44","guid":{"rendered":""},"modified":"2026-04-29T06:24:03","modified_gmt":"2026-04-29T04:24:03","slug":"pplsl-21950","status":"publish","type":"product","link":"https:\/\/pepelasalonline.com\/fr\/product\/pplsl-21950\/","title":{"rendered":"GWOON BESCHUIT NATUREL 125GR."},"content":{"rendered":"<p>Ingr\u00e9dients : 77% Farine de bl\u00e9, sirop de glucose, 2.1% \u0152UFS D'AGRICULTURE, sucre, levure, sel, huile de palme, GLUTES DE BLE, prot\u00e9ines de pois, \u00e9mulsifiant : E481 \/ SOJALECITHINE, am\u00e9liorant de farine : acide ascorbique. Ce produit peut contenir des traces de graines de s\u00e9same.<\/p>","protected":false},"excerpt":{"rendered":"<p>Ingr\u00e9dients : 77% Farine de bl\u00e9, sirop de glucose, 2.1% \u0152UFS D'AGRICULTURE, sucre, levure, sel, huile de palme, GLUTES DE BLE, prot\u00e9ines de pois, \u00e9mulsifiant : E481 \/ SOJALECITHINE, am\u00e9liorant de farine : acide ascorbique. Ce produit peut contenir des traces de graines de s\u00e9same.<\/p>","protected":false},"featured_media":88303,"template":"","meta":[],"product_cat":[1174],"product_tag":[],"class_list":{"0":"post-14057","1":"product","2":"type-product","3":"status-publish","4":"has-post-thumbnail","6":"product_cat-PPLSL-1961-section-40-familia-20-subfamilia-1","8":"first","9":"instock","10":"shipping-taxable","11":"purchasable","12":"product-type-simple"},"_links":{"self":[{"href":"https:\/\/pepelasalonline.com\/fr\/wp-json\/wp\/v2\/product\/14057","targetHints":{"allow":["GET"]}}],"collection":[{"href":"https:\/\/pepelasalonline.com\/fr\/wp-json\/wp\/v2\/product"}],"about":[{"href":"https:\/\/pepelasalonline.com\/fr\/wp-json\/wp\/v2\/types\/product"}],"wp:featuredmedia":[{"embeddable":true,"href":"https:\/\/pepelasalonline.com\/fr\/wp-json\/wp\/v2\/media\/88303"}],"wp:attachment":[{"href":"https:\/\/pepelasalonline.com\/fr\/wp-json\/wp\/v2\/media?parent=14057"}],"wp:term":[{"taxonomy":"product_cat","embeddable":true,"href":"https:\/\/pepelasalonline.com\/fr\/wp-json\/wp\/v2\/product_cat?post=14057"},{"taxonomy":"product_tag","embeddable":true,"href":"https:\/\/pepelasalonline.com\/fr\/wp-json\/wp\/v2\/product_tag?post=14057"}],"curies":[{"name":"wp","href":"https:\/\/api.w.org\/{rel}","templated":true}]}}