{"id":13984,"date":"2020-07-14T20:07:42","date_gmt":"2020-07-14T20:07:42","guid":{"rendered":""},"modified":"2026-03-24T10:43:14","modified_gmt":"2026-03-24T10:43:14","slug":"pplsl-90929","status":"publish","type":"product","link":"https:\/\/pepelasalonline.com\/fr\/product\/pplsl-90929\/","title":{"rendered":"FILET DE PORC MARIN\u00c9"},"content":{"rendered":"<p>Filets de t\u00eate de longe de porc marin\u00e9s avec sauce gyros.<\/p>","protected":false},"excerpt":{"rendered":"<ul>\n<li>Poids environ 150gr Unit\u00e9<\/li>\n<li>SANS GLUTEN<\/li>\n<li>SANS LACTOSE<\/li>\n<\/ul>","protected":false},"featured_media":109968,"template":"","meta":[],"product_cat":[1744,1667],"product_tag":[],"class_list":{"0":"post-13984","1":"product","2":"type-product","3":"status-publish","4":"has-post-thumbnail","6":"product_cat-PPLSL-2862-section-58-familia-1-subfamilia-1","7":"product_cat-PPLSL-2786-section-1-familia-6-subfamilia-9","9":"first","10":"instock","11":"shipping-taxable","12":"purchasable","13":"product-type-simple"},"_links":{"self":[{"href":"https:\/\/pepelasalonline.com\/fr\/wp-json\/wp\/v2\/product\/13984","targetHints":{"allow":["GET"]}}],"collection":[{"href":"https:\/\/pepelasalonline.com\/fr\/wp-json\/wp\/v2\/product"}],"about":[{"href":"https:\/\/pepelasalonline.com\/fr\/wp-json\/wp\/v2\/types\/product"}],"wp:featuredmedia":[{"embeddable":true,"href":"https:\/\/pepelasalonline.com\/fr\/wp-json\/wp\/v2\/media\/109968"}],"wp:attachment":[{"href":"https:\/\/pepelasalonline.com\/fr\/wp-json\/wp\/v2\/media?parent=13984"}],"wp:term":[{"taxonomy":"product_cat","embeddable":true,"href":"https:\/\/pepelasalonline.com\/fr\/wp-json\/wp\/v2\/product_cat?post=13984"},{"taxonomy":"product_tag","embeddable":true,"href":"https:\/\/pepelasalonline.com\/fr\/wp-json\/wp\/v2\/product_tag?post=13984"}],"curies":[{"name":"wp","href":"https:\/\/api.w.org\/{rel}","templated":true}]}}