{"id":13758,"date":"2020-07-14T20:07:01","date_gmt":"2020-07-14T20:07:01","guid":{"rendered":""},"modified":"2026-03-24T10:42:56","modified_gmt":"2026-03-24T10:42:56","slug":"pplsl-2978","status":"publish","type":"product","link":"https:\/\/pepelasalonline.com\/fr\/product\/pplsl-2978\/","title":{"rendered":"GWOON ROOMBOTER GEVULDE KOEKEN MINI 270GR"},"content":{"rendered":"<p>Garniture de p\u00e2te feuillet\u00e9e, huiles de colza, de palme et de coco, dextrose, stabilisant : sorbitol, \u00e9paississant : gomme de guar \/ pectine, abricots, sirop de glucose, sel, farine de bl\u00e9, sucre, beurre, amande, sirop de glucose, farine de soja, zeste de citron, \u00e9mulsifiant : E482.<\/p>","protected":false},"excerpt":{"rendered":"<p>Garniture de p\u00e2te feuillet\u00e9e, huiles de colza, de palme et de coco, dextrose, stabilisant : sorbitol, \u00e9paississant : gomme de guar \/ pectine, abricots, sirop de glucose, sel, farine de bl\u00e9, sucre, beurre, amande, sirop de glucose, farine de soja, zeste de citron, \u00e9mulsifiant : E482.<\/p>","protected":false},"featured_media":111899,"template":"","meta":[],"product_cat":[1209],"product_tag":[],"class_list":{"0":"post-13758","1":"product","2":"type-product","3":"status-publish","4":"has-post-thumbnail","6":"product_cat-PPLSL-1989-section-40-familia-22-subfamilia-16","8":"first","9":"instock","10":"shipping-taxable","11":"purchasable","12":"product-type-simple"},"_links":{"self":[{"href":"https:\/\/pepelasalonline.com\/fr\/wp-json\/wp\/v2\/product\/13758","targetHints":{"allow":["GET"]}}],"collection":[{"href":"https:\/\/pepelasalonline.com\/fr\/wp-json\/wp\/v2\/product"}],"about":[{"href":"https:\/\/pepelasalonline.com\/fr\/wp-json\/wp\/v2\/types\/product"}],"wp:featuredmedia":[{"embeddable":true,"href":"https:\/\/pepelasalonline.com\/fr\/wp-json\/wp\/v2\/media\/111899"}],"wp:attachment":[{"href":"https:\/\/pepelasalonline.com\/fr\/wp-json\/wp\/v2\/media?parent=13758"}],"wp:term":[{"taxonomy":"product_cat","embeddable":true,"href":"https:\/\/pepelasalonline.com\/fr\/wp-json\/wp\/v2\/product_cat?post=13758"},{"taxonomy":"product_tag","embeddable":true,"href":"https:\/\/pepelasalonline.com\/fr\/wp-json\/wp\/v2\/product_tag?post=13758"}],"curies":[{"name":"wp","href":"https:\/\/api.w.org\/{rel}","templated":true}]}}