{"id":13749,"date":"2020-07-14T20:07:00","date_gmt":"2020-07-14T20:07:00","guid":{"rendered":""},"modified":"2026-03-24T10:42:56","modified_gmt":"2026-03-24T10:42:56","slug":"PPLSL-3797","status":"publish","type":"product","link":"https:\/\/pepelasalonline.com\/fr\/product\/PPLSL-3797\/","title":{"rendered":"GWOON FRAMBOOS VRUCHTENSIROOP 750ML"},"content":{"rendered":"<p>80% jus de pomme concentr\u00e9, 12% framboise, sucre, sirop de glucose, acide alimentaire, \u00e9dulcorant, ar\u00f4me naturel, vitamines B3, B5, B6, C et E, conservateur sorbate de potassium.<\/p>","protected":false},"excerpt":{"rendered":"<p>80% jus de pomme concentr\u00e9, 12% framboise, sucre, sirop de glucose, acide alimentaire, \u00e9dulcorant, ar\u00f4me naturel, vitamines B3, B5, B6, C et E, conservateur sorbate de potassium.<\/p>","protected":false},"featured_media":111966,"template":"","meta":[],"product_cat":[1329],"product_tag":[],"class_list":{"0":"post-13749","1":"product","2":"type-product","3":"status-publish","4":"has-post-thumbnail","6":"product_cat-PPLSL-2096-section-43-familia-1-subfamilia-2","8":"first","9":"instock","10":"shipping-taxable","11":"purchasable","12":"product-type-simple"},"_links":{"self":[{"href":"https:\/\/pepelasalonline.com\/fr\/wp-json\/wp\/v2\/product\/13749","targetHints":{"allow":["GET"]}}],"collection":[{"href":"https:\/\/pepelasalonline.com\/fr\/wp-json\/wp\/v2\/product"}],"about":[{"href":"https:\/\/pepelasalonline.com\/fr\/wp-json\/wp\/v2\/types\/product"}],"wp:featuredmedia":[{"embeddable":true,"href":"https:\/\/pepelasalonline.com\/fr\/wp-json\/wp\/v2\/media\/111966"}],"wp:attachment":[{"href":"https:\/\/pepelasalonline.com\/fr\/wp-json\/wp\/v2\/media?parent=13749"}],"wp:term":[{"taxonomy":"product_cat","embeddable":true,"href":"https:\/\/pepelasalonline.com\/fr\/wp-json\/wp\/v2\/product_cat?post=13749"},{"taxonomy":"product_tag","embeddable":true,"href":"https:\/\/pepelasalonline.com\/fr\/wp-json\/wp\/v2\/product_tag?post=13749"}],"curies":[{"name":"wp","href":"https:\/\/api.w.org\/{rel}","templated":true}]}}