{"id":13736,"date":"2020-07-14T20:06:59","date_gmt":"2020-07-14T20:06:59","guid":{"rendered":""},"modified":"2026-03-24T10:43:46","modified_gmt":"2026-03-24T10:43:46","slug":"PPLSL-3783","status":"publish","type":"product","link":"https:\/\/pepelasalonline.com\/fr\/product\/PPLSL-3783\/","title":{"rendered":"GWOON KIPPENSOEP 800ML"},"content":{"rendered":"<p>Eau, 11% de viande de poulet\u00b9, 5% de spaghettis cuits (eau, semoule de bl\u00e9, prot\u00e9ines d'\u0153uf de poulet fermier), 3% de carotte, 1% de poireau, oignon de printemps, sirop, sel, ar\u00f4me (\u0152UF, MOUTARDE, C\u00c9LERIE), feuille de c\u00e9leri, chlorure de potassium, huile de colza, colorant : carot\u00e8nes, ciboulette, macis, curcuma.<\/p>","protected":false},"excerpt":{"rendered":"<p>Eau, 11% de viande de poulet\u00b9, 5% de spaghettis cuits (eau, semoule de bl\u00e9, prot\u00e9ines d'\u0153uf de poulet fermier), 3% de carotte, 1% de poireau, oignon de printemps, sirop, sel, ar\u00f4me (\u0152UF, MOUTARDE, C\u00c9LERIE), feuille de c\u00e9leri, chlorure de potassium, huile de colza, colorant : carot\u00e8nes, ciboulette, macis, curcuma.<\/p>","protected":false},"featured_media":111506,"template":"","meta":[],"product_cat":[1103],"product_tag":[],"class_list":{"0":"post-13736","1":"product","2":"type-product","3":"status-publish","4":"has-post-thumbnail","6":"product_cat-PPLSL-2612-section-40-familia-9-subfamilia-7","8":"first","9":"instock","10":"shipping-taxable","11":"purchasable","12":"product-type-simple"},"_links":{"self":[{"href":"https:\/\/pepelasalonline.com\/fr\/wp-json\/wp\/v2\/product\/13736","targetHints":{"allow":["GET"]}}],"collection":[{"href":"https:\/\/pepelasalonline.com\/fr\/wp-json\/wp\/v2\/product"}],"about":[{"href":"https:\/\/pepelasalonline.com\/fr\/wp-json\/wp\/v2\/types\/product"}],"wp:featuredmedia":[{"embeddable":true,"href":"https:\/\/pepelasalonline.com\/fr\/wp-json\/wp\/v2\/media\/111506"}],"wp:attachment":[{"href":"https:\/\/pepelasalonline.com\/fr\/wp-json\/wp\/v2\/media?parent=13736"}],"wp:term":[{"taxonomy":"product_cat","embeddable":true,"href":"https:\/\/pepelasalonline.com\/fr\/wp-json\/wp\/v2\/product_cat?post=13736"},{"taxonomy":"product_tag","embeddable":true,"href":"https:\/\/pepelasalonline.com\/fr\/wp-json\/wp\/v2\/product_tag?post=13736"}],"curies":[{"name":"wp","href":"https:\/\/api.w.org\/{rel}","templated":true}]}}