{"id":13670,"date":"2020-07-14T20:06:57","date_gmt":"2020-07-14T20:06:57","guid":{"rendered":""},"modified":"2026-03-24T10:42:55","modified_gmt":"2026-03-24T10:42:55","slug":"pplsl-3716","status":"publish","type":"product","link":"https:\/\/pepelasalonline.com\/fr\/product\/pplsl-3716\/","title":{"rendered":"GWOON ONTBIJTKOEK GESNEDEN 485GR"},"content":{"rendered":"<p>Sirop de ma\u00efs \u00e0 haute teneur en fructose, farine de seigle, eau, sucre, FARINE DE LUPINE, levure : E500 \/ E450, \u00e9pices pour biscuits (cannelle), conservateur : E202, son de bl\u00e9, sucre torr\u00e9fi\u00e9, farine de bl\u00e9, amidon de bl\u00e9, farine de seigle complet, EXTRAIT d'orge malt\u00e9, E = excipients approuv\u00e9s par l'UE.<\/p>","protected":false},"excerpt":{"rendered":"<p>Sirop de ma\u00efs \u00e0 haute teneur en fructose, farine de seigle, eau, sucre, FARINE DE LUPINE, levure : E500 \/ E450, \u00e9pices pour biscuits (cannelle), conservateur : E202, son de bl\u00e9, sucre torr\u00e9fi\u00e9, farine de bl\u00e9, amidon de bl\u00e9, farine de seigle complet, EXTRAIT d'orge malt\u00e9, E = excipients approuv\u00e9s par l'UE.<\/p>","protected":false},"featured_media":111960,"template":"","meta":[],"product_cat":[1207],"product_tag":[],"class_list":{"0":"post-13670","1":"product","2":"type-product","3":"status-publish","4":"has-post-thumbnail","6":"product_cat-PPLSL-1987-section-40-familia-22-subfamilia-14","8":"first","9":"instock","10":"shipping-taxable","11":"purchasable","12":"product-type-simple"},"_links":{"self":[{"href":"https:\/\/pepelasalonline.com\/fr\/wp-json\/wp\/v2\/product\/13670","targetHints":{"allow":["GET"]}}],"collection":[{"href":"https:\/\/pepelasalonline.com\/fr\/wp-json\/wp\/v2\/product"}],"about":[{"href":"https:\/\/pepelasalonline.com\/fr\/wp-json\/wp\/v2\/types\/product"}],"wp:featuredmedia":[{"embeddable":true,"href":"https:\/\/pepelasalonline.com\/fr\/wp-json\/wp\/v2\/media\/111960"}],"wp:attachment":[{"href":"https:\/\/pepelasalonline.com\/fr\/wp-json\/wp\/v2\/media?parent=13670"}],"wp:term":[{"taxonomy":"product_cat","embeddable":true,"href":"https:\/\/pepelasalonline.com\/fr\/wp-json\/wp\/v2\/product_cat?post=13670"},{"taxonomy":"product_tag","embeddable":true,"href":"https:\/\/pepelasalonline.com\/fr\/wp-json\/wp\/v2\/product_tag?post=13670"}],"curies":[{"name":"wp","href":"https:\/\/api.w.org\/{rel}","templated":true}]}}