{"id":13661,"date":"2020-07-14T20:06:57","date_gmt":"2020-07-14T20:06:57","guid":{"rendered":""},"modified":"2026-03-24T10:42:55","modified_gmt":"2026-03-24T10:42:55","slug":"PPLSL-6341","status":"publish","type":"product","link":"https:\/\/pepelasalonline.com\/fr\/product\/PPLSL-6341\/","title":{"rendered":"JT. EMMENTAL GERIEB 45% 250GR"},"content":{"rendered":"<p>EMMENTAL graisse frott\u00e9e 45%. Tr., Agents de r\u00e9sistance au d\u00e9moulage.<\/p>","protected":false},"excerpt":{"rendered":"<p>EMMENTAL graisse frott\u00e9e 45%. Tr., Agents de r\u00e9sistance au d\u00e9moulage.<\/p>","protected":false},"featured_media":112105,"template":"","meta":[],"product_cat":[1266],"product_tag":[],"class_list":{"0":"post-13661","1":"product","2":"type-product","3":"status-publish","4":"has-post-thumbnail","6":"product_cat-PPLSL-2039-section-41-familia-8-subfamilia-8","8":"first","9":"instock","10":"shipping-taxable","11":"purchasable","12":"product-type-simple"},"_links":{"self":[{"href":"https:\/\/pepelasalonline.com\/fr\/wp-json\/wp\/v2\/product\/13661","targetHints":{"allow":["GET"]}}],"collection":[{"href":"https:\/\/pepelasalonline.com\/fr\/wp-json\/wp\/v2\/product"}],"about":[{"href":"https:\/\/pepelasalonline.com\/fr\/wp-json\/wp\/v2\/types\/product"}],"wp:featuredmedia":[{"embeddable":true,"href":"https:\/\/pepelasalonline.com\/fr\/wp-json\/wp\/v2\/media\/112105"}],"wp:attachment":[{"href":"https:\/\/pepelasalonline.com\/fr\/wp-json\/wp\/v2\/media?parent=13661"}],"wp:term":[{"taxonomy":"product_cat","embeddable":true,"href":"https:\/\/pepelasalonline.com\/fr\/wp-json\/wp\/v2\/product_cat?post=13661"},{"taxonomy":"product_tag","embeddable":true,"href":"https:\/\/pepelasalonline.com\/fr\/wp-json\/wp\/v2\/product_tag?post=13661"}],"curies":[{"name":"wp","href":"https:\/\/api.w.org\/{rel}","templated":true}]}}