{"id":13635,"date":"2020-07-14T20:06:54","date_gmt":"2020-07-14T20:06:54","guid":{"rendered":""},"modified":"2026-04-15T13:40:02","modified_gmt":"2026-04-15T13:40:02","slug":"pplsl-4374","status":"publish","type":"product","link":"https:\/\/pepelasalonline.com\/fr\/product\/pplsl-4374\/","title":{"rendered":"GWOON STROOPWAFELS 400GR"},"content":{"rendered":"<p>Sirop, farine de bl\u00e9, beurre, sucre de canne, farine de soja, sel, l\u00e9cithine de soja, poudre \u00e0 lever, cannelle, vanille, \u0153uf.<\/p>","protected":false},"excerpt":{"rendered":"<p>Sirop, farine de bl\u00e9, beurre, sucre de canne, farine de soja, sel, l\u00e9cithine de soja, poudre \u00e0 lever, cannelle, vanille, \u0153uf.<\/p>","protected":false},"featured_media":737775,"template":"","meta":[],"product_cat":[1209],"product_tag":[],"class_list":{"0":"post-13635","1":"product","2":"type-product","3":"status-publish","4":"has-post-thumbnail","6":"product_cat-PPLSL-1989-section-40-familia-22-subfamilia-16","8":"first","9":"instock","10":"shipping-taxable","11":"purchasable","12":"product-type-simple"},"_links":{"self":[{"href":"https:\/\/pepelasalonline.com\/fr\/wp-json\/wp\/v2\/product\/13635","targetHints":{"allow":["GET"]}}],"collection":[{"href":"https:\/\/pepelasalonline.com\/fr\/wp-json\/wp\/v2\/product"}],"about":[{"href":"https:\/\/pepelasalonline.com\/fr\/wp-json\/wp\/v2\/types\/product"}],"wp:featuredmedia":[{"embeddable":true,"href":"https:\/\/pepelasalonline.com\/fr\/wp-json\/wp\/v2\/media\/737775"}],"wp:attachment":[{"href":"https:\/\/pepelasalonline.com\/fr\/wp-json\/wp\/v2\/media?parent=13635"}],"wp:term":[{"taxonomy":"product_cat","embeddable":true,"href":"https:\/\/pepelasalonline.com\/fr\/wp-json\/wp\/v2\/product_cat?post=13635"},{"taxonomy":"product_tag","embeddable":true,"href":"https:\/\/pepelasalonline.com\/fr\/wp-json\/wp\/v2\/product_tag?post=13635"}],"curies":[{"name":"wp","href":"https:\/\/api.w.org\/{rel}","templated":true}]}}