{"id":13589,"date":"2020-07-14T20:06:36","date_gmt":"2020-07-14T20:06:36","guid":{"rendered":""},"modified":"2026-03-31T10:15:08","modified_gmt":"2026-03-31T10:15:08","slug":"PPLSL-560099","status":"publish","type":"product","link":"https:\/\/pepelasalonline.com\/fr\/product\/PPLSL-560099\/","title":{"rendered":"RAMON BILBAO CRIANZA RED 75CL."},"content":{"rendered":"<p>Un vin \u00e9l\u00e9gant et structur\u00e9 o\u00f9 les fruits noirs m\u00fbrs et la compote s'associent \u00e0 des notes de vieillissement comme la noix de coco et le poivre. Un vin \u00e0 d\u00e9guster en toute tranquillit\u00e9 pour en appr\u00e9cier les nuances.<\/p>","protected":false},"excerpt":{"rendered":"<ul>\n<li>RAISIN TEMPRANILLO 100%<\/li>\n<li>12 MOIS EN BARRIQUE<\/li>\n<\/ul>","protected":false},"featured_media":110943,"template":"","meta":[],"product_cat":[1744,1377],"product_tag":[],"class_list":{"0":"post-13589","1":"product","2":"type-product","3":"status-publish","4":"has-post-thumbnail","6":"product_cat-PPLSL-2862-section-58-familia-1-subfamilia-1","7":"product_cat-PPLSL-2147-section-44-familia-9-subfamilia-6","9":"first","10":"instock","11":"shipping-taxable","12":"purchasable","13":"product-type-simple"},"_links":{"self":[{"href":"https:\/\/pepelasalonline.com\/fr\/wp-json\/wp\/v2\/product\/13589","targetHints":{"allow":["GET"]}}],"collection":[{"href":"https:\/\/pepelasalonline.com\/fr\/wp-json\/wp\/v2\/product"}],"about":[{"href":"https:\/\/pepelasalonline.com\/fr\/wp-json\/wp\/v2\/types\/product"}],"wp:featuredmedia":[{"embeddable":true,"href":"https:\/\/pepelasalonline.com\/fr\/wp-json\/wp\/v2\/media\/110943"}],"wp:attachment":[{"href":"https:\/\/pepelasalonline.com\/fr\/wp-json\/wp\/v2\/media?parent=13589"}],"wp:term":[{"taxonomy":"product_cat","embeddable":true,"href":"https:\/\/pepelasalonline.com\/fr\/wp-json\/wp\/v2\/product_cat?post=13589"},{"taxonomy":"product_tag","embeddable":true,"href":"https:\/\/pepelasalonline.com\/fr\/wp-json\/wp\/v2\/product_tag?post=13589"}],"curies":[{"name":"wp","href":"https:\/\/api.w.org\/{rel}","templated":true}]}}