{"id":13567,"date":"2020-07-14T20:06:31","date_gmt":"2020-07-14T20:06:31","guid":{"rendered":""},"modified":"2026-04-21T17:30:11","modified_gmt":"2026-04-21T17:30:11","slug":"PPLSL-113241","status":"publish","type":"product","link":"https:\/\/pepelasalonline.com\/fr\/product\/PPLSL-113241\/","title":{"rendered":"UNOX CUP A SOUP MUSHROOM PK-3"},"content":{"rendered":"<p>F\u00e9cule de pomme de terre, graisse de palme, 11% (farine de bl\u00e9, sel, levure, huile de colza, huile de palme, antioxydant E392), sirop de ma\u00efs, sel, concentr\u00e9 de jus de champignon 6,7%, maltodextrine, sirop de glucose, antioxydant (E320, E310), acide alimentaire E330) bacon 1,9% (porc, sel), extrait de levure, prot\u00e9ines de lait, ail, herbes (ciboulette, thym), boleet 0,2%. Peut contenir de l'\u0153uf, du c\u00e9leri, de la moutarde.<\/p>","protected":false},"excerpt":{"rendered":"<p>Almid\u00f3n de patata, grasa de palma, cuscurrones 11% (harina de trigo, sal, levadura, aceite de colza), aceite de palma, antioxidante E392), jarabe de ma\u00edz, sal, concentrado de jugo de hongo 6,7%, maltodextrina, Jarabe de glucosa, antioxidante (E320, E310), \u00e1cido diet\u00e9tico E330) bacon 1,9% (cerdo, sal), extracto de levadura, prote\u00ednas de la leche, ajo, hierbas arom\u00e1ticas [&hellip;]<\/p>\n","protected":false},"featured_media":110657,"template":"","meta":[],"product_cat":[1076],"product_tag":[],"class_list":{"0":"post-13567","1":"product","2":"type-product","3":"status-publish","4":"has-post-thumbnail","6":"product_cat-PPLSL-1891-section-40-familia-6-subfamilia-3","8":"first","9":"instock","10":"shipping-taxable","11":"purchasable","12":"product-type-simple"},"_links":{"self":[{"href":"https:\/\/pepelasalonline.com\/fr\/wp-json\/wp\/v2\/product\/13567","targetHints":{"allow":["GET"]}}],"collection":[{"href":"https:\/\/pepelasalonline.com\/fr\/wp-json\/wp\/v2\/product"}],"about":[{"href":"https:\/\/pepelasalonline.com\/fr\/wp-json\/wp\/v2\/types\/product"}],"wp:featuredmedia":[{"embeddable":true,"href":"https:\/\/pepelasalonline.com\/fr\/wp-json\/wp\/v2\/media\/110657"}],"wp:attachment":[{"href":"https:\/\/pepelasalonline.com\/fr\/wp-json\/wp\/v2\/media?parent=13567"}],"wp:term":[{"taxonomy":"product_cat","embeddable":true,"href":"https:\/\/pepelasalonline.com\/fr\/wp-json\/wp\/v2\/product_cat?post=13567"},{"taxonomy":"product_tag","embeddable":true,"href":"https:\/\/pepelasalonline.com\/fr\/wp-json\/wp\/v2\/product_tag?post=13567"}],"curies":[{"name":"wp","href":"https:\/\/api.w.org\/{rel}","templated":true}]}}