{"id":13407,"date":"2020-07-14T20:06:21","date_gmt":"2020-07-14T20:06:21","guid":{"rendered":""},"modified":"2026-03-24T10:42:33","modified_gmt":"2026-03-24T10:42:33","slug":"PPLSL-129","status":"publish","type":"product","link":"https:\/\/pepelasalonline.com\/fr\/product\/PPLSL-129\/","title":{"rendered":"HEINZ SANDWICH \u00c0 TARTINER NATUREL 300GR"},"content":{"rendered":"<p>L\u00e9gumes 33% (chou blanc 16%, cornichon 13%, poivron rouge 2%, oignon 1,6%), eau, huile de colza, sucre, vinaigre, lait \u00e9cr\u00e9m\u00e9 en poudre, sel, \u00e9pices (contient de la moutarde), amidon modifi\u00e9, acidifiant (acide lactique), \u00e9paississants (gomme guar, gomme xanthane), ar\u00f4mes, colorants (extrait de paprika), extraits de plantes et \u00e9pices (contient du c\u00e9leri).<\/p>","protected":false},"excerpt":{"rendered":"<p>L\u00e9gumes 33% (chou blanc 16%, cornichon 13%, poivron rouge 2%, oignon 1,6%), eau, huile de colza, sucre, vinaigre, lait \u00e9cr\u00e9m\u00e9 en poudre, sel, \u00e9pices (contient de la moutarde), amidon modifi\u00e9, acidifiant (acide lactique), \u00e9paississants (gomme guar, gomme xanthane), ar\u00f4mes, colorants (extrait de paprika), extraits de plantes et \u00e9pices (contient du c\u00e9leri).<\/p>","protected":false},"featured_media":733360,"template":"","meta":[],"product_cat":[1088],"product_tag":[],"class_list":{"0":"post-13407","1":"product","2":"type-product","3":"status-publish","4":"has-post-thumbnail","6":"product_cat-PPLSL-1903-section-40-familia-7-subfamilia-10","8":"first","9":"instock","10":"shipping-taxable","11":"purchasable","12":"product-type-simple"},"_links":{"self":[{"href":"https:\/\/pepelasalonline.com\/fr\/wp-json\/wp\/v2\/product\/13407","targetHints":{"allow":["GET"]}}],"collection":[{"href":"https:\/\/pepelasalonline.com\/fr\/wp-json\/wp\/v2\/product"}],"about":[{"href":"https:\/\/pepelasalonline.com\/fr\/wp-json\/wp\/v2\/types\/product"}],"wp:featuredmedia":[{"embeddable":true,"href":"https:\/\/pepelasalonline.com\/fr\/wp-json\/wp\/v2\/media\/733360"}],"wp:attachment":[{"href":"https:\/\/pepelasalonline.com\/fr\/wp-json\/wp\/v2\/media?parent=13407"}],"wp:term":[{"taxonomy":"product_cat","embeddable":true,"href":"https:\/\/pepelasalonline.com\/fr\/wp-json\/wp\/v2\/product_cat?post=13407"},{"taxonomy":"product_tag","embeddable":true,"href":"https:\/\/pepelasalonline.com\/fr\/wp-json\/wp\/v2\/product_tag?post=13407"}],"curies":[{"name":"wp","href":"https:\/\/api.w.org\/{rel}","templated":true}]}}