{"id":13344,"date":"2020-07-14T20:06:18","date_gmt":"2020-07-14T20:06:18","guid":{"rendered":""},"modified":"2026-03-24T10:42:32","modified_gmt":"2026-03-24T10:42:32","slug":"PPLSL-1547","status":"publish","type":"product","link":"https:\/\/pepelasalonline.com\/fr\/product\/PPLSL-1547\/","title":{"rendered":"JEDEN TAG RAHMSPINAT CR\u00c8ME D'\u00c9PINARDS 450GR"},"content":{"rendered":"<p>67% \u00e9pinards, eau, 4, 5% cr\u00e8me avec une teneur minimale en mati\u00e8re grasse de 20%, huile de colza, amidon de riz, sel, lactose,<br \/>\nprot\u00e9ines de lait, lait \u00e9cr\u00e9m\u00e9 en poudre, \u00e9paississants, E412, E415, ar\u00f4mes naturels,<\/p>","protected":false},"excerpt":{"rendered":"<p>67% espinacas, agua, 4, 5% de crema con un contenido m\u00ednimo de grasa del 20%, aceite de colza, almid\u00f3n de arroz, sal, lactosa, prote\u00edna de leche, leche desnatada en polvo, espesantes, E412, E415, aromas naturales,<\/p>","protected":false},"featured_media":737516,"template":"","meta":[],"product_cat":[1279],"product_tag":[],"class_list":{"0":"post-13344","1":"product","2":"type-product","3":"status-publish","4":"has-post-thumbnail","6":"product_cat-PPLSL-2051-section-42-familia-1-subfamilia-6","8":"first","9":"instock","10":"shipping-taxable","11":"purchasable","12":"product-type-simple"},"_links":{"self":[{"href":"https:\/\/pepelasalonline.com\/fr\/wp-json\/wp\/v2\/product\/13344","targetHints":{"allow":["GET"]}}],"collection":[{"href":"https:\/\/pepelasalonline.com\/fr\/wp-json\/wp\/v2\/product"}],"about":[{"href":"https:\/\/pepelasalonline.com\/fr\/wp-json\/wp\/v2\/types\/product"}],"wp:featuredmedia":[{"embeddable":true,"href":"https:\/\/pepelasalonline.com\/fr\/wp-json\/wp\/v2\/media\/737516"}],"wp:attachment":[{"href":"https:\/\/pepelasalonline.com\/fr\/wp-json\/wp\/v2\/media?parent=13344"}],"wp:term":[{"taxonomy":"product_cat","embeddable":true,"href":"https:\/\/pepelasalonline.com\/fr\/wp-json\/wp\/v2\/product_cat?post=13344"},{"taxonomy":"product_tag","embeddable":true,"href":"https:\/\/pepelasalonline.com\/fr\/wp-json\/wp\/v2\/product_tag?post=13344"}],"curies":[{"name":"wp","href":"https:\/\/api.w.org\/{rel}","templated":true}]}}