{"id":13298,"date":"2020-07-14T20:06:16","date_gmt":"2020-07-14T20:06:16","guid":{"rendered":""},"modified":"2026-03-24T10:42:31","modified_gmt":"2026-03-24T10:42:31","slug":"PPLSL-1633","status":"publish","type":"product","link":"https:\/\/pepelasalonline.com\/fr\/product\/PPLSL-1633\/","title":{"rendered":"DR OETKER PARADIES CREME VANILLA 60GR"},"content":{"rendered":"<p>sucre\/amidon modifi\u00e9\/graisse v\u00e9g\u00e9tale hydrog\u00e9n\u00e9e\/sirop de glucose\/\u00e9mulsifiant\/prot\u00e9ine de lait\/ g\u00e9lifiant\/sel\/colorant\/ar\u00f4me<\/p>","protected":false},"excerpt":{"rendered":"<p>sucre\/amidon modifi\u00e9\/graisse v\u00e9g\u00e9tale hydrog\u00e9n\u00e9e\/sirop de glucose\/\u00e9mulsifiant\/prot\u00e9ine de lait\/ g\u00e9lifiant\/sel\/colorant\/ar\u00f4me<\/p>","protected":false},"featured_media":470317,"template":"","meta":[],"product_cat":[1211],"product_tag":[],"class_list":{"0":"post-13298","1":"product","2":"type-product","3":"status-publish","4":"has-post-thumbnail","6":"product_cat-PPLSL-1991-section-40-familia-22-subfamilia-18","8":"first","9":"instock","10":"shipping-taxable","11":"purchasable","12":"product-type-simple"},"_links":{"self":[{"href":"https:\/\/pepelasalonline.com\/fr\/wp-json\/wp\/v2\/product\/13298","targetHints":{"allow":["GET"]}}],"collection":[{"href":"https:\/\/pepelasalonline.com\/fr\/wp-json\/wp\/v2\/product"}],"about":[{"href":"https:\/\/pepelasalonline.com\/fr\/wp-json\/wp\/v2\/types\/product"}],"wp:featuredmedia":[{"embeddable":true,"href":"https:\/\/pepelasalonline.com\/fr\/wp-json\/wp\/v2\/media\/470317"}],"wp:attachment":[{"href":"https:\/\/pepelasalonline.com\/fr\/wp-json\/wp\/v2\/media?parent=13298"}],"wp:term":[{"taxonomy":"product_cat","embeddable":true,"href":"https:\/\/pepelasalonline.com\/fr\/wp-json\/wp\/v2\/product_cat?post=13298"},{"taxonomy":"product_tag","embeddable":true,"href":"https:\/\/pepelasalonline.com\/fr\/wp-json\/wp\/v2\/product_tag?post=13298"}],"curies":[{"name":"wp","href":"https:\/\/api.w.org\/{rel}","templated":true}]}}