{"id":13166,"date":"2020-07-14T20:05:52","date_gmt":"2020-07-14T20:05:52","guid":{"rendered":""},"modified":"2026-03-24T10:42:15","modified_gmt":"2026-03-24T10:42:15","slug":"PPLSL-21190","status":"publish","type":"product","link":"https:\/\/pepelasalonline.com\/fr\/product\/PPLSL-21190\/","title":{"rendered":"DRAGON BLEU HU\u00ceTRES ET OIGNONS NOUVEAUX 120GR"},"content":{"rendered":"<p>Eau, sucre, vinaigre d'alcool, amidon de ma\u00efs modifi\u00e9, sel, pur\u00e9e d'ail, pur\u00e9e de gingembre, sauce de poisson, sel, poudre d'hu\u00eetre (mollusque), amidon de tapioca, p\u00e2te de piment rouge, r\u00e9gulateur d'acidit\u00e9 (acide citrique), ar\u00f4me naturel.<\/p>","protected":false},"excerpt":{"rendered":"<p>Eau, sucre, vinaigre d'alcool, amidon de ma\u00efs modifi\u00e9, sel, pur\u00e9e d'ail, pur\u00e9e de gingembre, sauce de poisson, sel, poudre d'hu\u00eetre (mollusque), amidon de tapioca, p\u00e2te de piment rouge, r\u00e9gulateur d'acidit\u00e9 (acide citrique), ar\u00f4me naturel.<\/p>","protected":false},"featured_media":89772,"template":"","meta":[],"product_cat":[1136],"product_tag":[],"class_list":{"0":"post-13166","1":"product","2":"type-product","3":"status-publish","4":"has-post-thumbnail","6":"product_cat-PPLSL-1960-section-40-familia-16-subfamilia-4","8":"first","9":"instock","10":"shipping-taxable","11":"purchasable","12":"product-type-simple"},"_links":{"self":[{"href":"https:\/\/pepelasalonline.com\/fr\/wp-json\/wp\/v2\/product\/13166","targetHints":{"allow":["GET"]}}],"collection":[{"href":"https:\/\/pepelasalonline.com\/fr\/wp-json\/wp\/v2\/product"}],"about":[{"href":"https:\/\/pepelasalonline.com\/fr\/wp-json\/wp\/v2\/types\/product"}],"wp:featuredmedia":[{"embeddable":true,"href":"https:\/\/pepelasalonline.com\/fr\/wp-json\/wp\/v2\/media\/89772"}],"wp:attachment":[{"href":"https:\/\/pepelasalonline.com\/fr\/wp-json\/wp\/v2\/media?parent=13166"}],"wp:term":[{"taxonomy":"product_cat","embeddable":true,"href":"https:\/\/pepelasalonline.com\/fr\/wp-json\/wp\/v2\/product_cat?post=13166"},{"taxonomy":"product_tag","embeddable":true,"href":"https:\/\/pepelasalonline.com\/fr\/wp-json\/wp\/v2\/product_tag?post=13166"}],"curies":[{"name":"wp","href":"https:\/\/api.w.org\/{rel}","templated":true}]}}