{"id":13065,"date":"2020-07-14T20:05:41","date_gmt":"2020-07-14T20:05:41","guid":{"rendered":""},"modified":"2026-05-04T12:00:04","modified_gmt":"2026-05-04T12:00:04","slug":"PPLSL-109997","status":"publish","type":"product","link":"https:\/\/pepelasalonline.com\/fr\/product\/PPLSL-109997\/","title":{"rendered":"HEINZ SOUPE MINESTRONE 400GR"},"content":{"rendered":"<p>Eau, Tomates (23%), Carottes (9%), Nouilles de p\u00e2tes (7%, Eau, Semoule de bl\u00e9 dur, Blanc d'\u0153uf), Oignons, Pois, Lactos\u00e9rum, Poivrons rouges, Pommes de terre, Haricots, Farine de ma\u00efs, Farine de ma\u00efs modifi\u00e9e, Poireaux, Sel, Ar\u00f4me (contient du c\u00e9leri, du c\u00e9leri-rave), Extrait de levure, Herbes aromatiques, Poivre noir.<\/p>","protected":false},"excerpt":{"rendered":"<p>Eau, Tomates (23%), Carottes (9%), Nouilles de p\u00e2tes (7%, Eau, Semoule de bl\u00e9 dur, Blanc d'\u0153uf), Oignons, Pois, Lactos\u00e9rum, Poivrons rouges, Pommes de terre, Haricots, Farine de ma\u00efs, Farine de ma\u00efs modifi\u00e9e, Poireaux, Sel, Ar\u00f4me (contient du c\u00e9leri, du c\u00e9leri-rave), Extrait de levure, Herbes aromatiques, Poivre noir.<\/p>","protected":false},"featured_media":110542,"template":"","meta":[],"product_cat":[1103],"product_tag":[],"class_list":{"0":"post-13065","1":"product","2":"type-product","3":"status-publish","4":"has-post-thumbnail","6":"product_cat-PPLSL-2612-section-40-familia-9-subfamilia-7","8":"first","9":"instock","10":"shipping-taxable","11":"purchasable","12":"product-type-simple"},"_links":{"self":[{"href":"https:\/\/pepelasalonline.com\/fr\/wp-json\/wp\/v2\/product\/13065","targetHints":{"allow":["GET"]}}],"collection":[{"href":"https:\/\/pepelasalonline.com\/fr\/wp-json\/wp\/v2\/product"}],"about":[{"href":"https:\/\/pepelasalonline.com\/fr\/wp-json\/wp\/v2\/types\/product"}],"wp:featuredmedia":[{"embeddable":true,"href":"https:\/\/pepelasalonline.com\/fr\/wp-json\/wp\/v2\/media\/110542"}],"wp:attachment":[{"href":"https:\/\/pepelasalonline.com\/fr\/wp-json\/wp\/v2\/media?parent=13065"}],"wp:term":[{"taxonomy":"product_cat","embeddable":true,"href":"https:\/\/pepelasalonline.com\/fr\/wp-json\/wp\/v2\/product_cat?post=13065"},{"taxonomy":"product_tag","embeddable":true,"href":"https:\/\/pepelasalonline.com\/fr\/wp-json\/wp\/v2\/product_tag?post=13065"}],"curies":[{"name":"wp","href":"https:\/\/api.w.org\/{rel}","templated":true}]}}