{"id":13046,"date":"2020-07-14T20:05:40","date_gmt":"2020-07-14T20:05:40","guid":{"rendered":""},"modified":"2026-03-25T16:45:20","modified_gmt":"2026-03-25T15:45:20","slug":"PPLSL-105170","status":"publish","type":"product","link":"https:\/\/pepelasalonline.com\/fr\/product\/PPLSL-105170\/","title":{"rendered":"AMBROSI DEVON CUSTARD 400GR"},"content":{"rendered":"<p>Lait \u00e9cr\u00e9m\u00e9, babeurre, sucre, amidon modifi\u00e9, huile de palme, lactos\u00e9rum, ar\u00f4me naturel, colorant (curcumine, annatto), teneur totale en lait 75%.<\/p>","protected":false},"excerpt":{"rendered":"<p>Lait \u00e9cr\u00e9m\u00e9, babeurre, sucre, amidon modifi\u00e9, huile de palme, lactos\u00e9rum, ar\u00f4me naturel, colorant (curcumine, annatto), teneur totale en lait 75%.<\/p>","protected":false},"featured_media":110487,"template":"","meta":[],"product_cat":[1211],"product_tag":[],"class_list":{"0":"post-13046","1":"product","2":"type-product","3":"status-publish","4":"has-post-thumbnail","6":"product_cat-PPLSL-1991-section-40-familia-22-subfamilia-18","8":"first","9":"instock","10":"shipping-taxable","11":"purchasable","12":"product-type-simple"},"_links":{"self":[{"href":"https:\/\/pepelasalonline.com\/fr\/wp-json\/wp\/v2\/product\/13046","targetHints":{"allow":["GET"]}}],"collection":[{"href":"https:\/\/pepelasalonline.com\/fr\/wp-json\/wp\/v2\/product"}],"about":[{"href":"https:\/\/pepelasalonline.com\/fr\/wp-json\/wp\/v2\/types\/product"}],"wp:featuredmedia":[{"embeddable":true,"href":"https:\/\/pepelasalonline.com\/fr\/wp-json\/wp\/v2\/media\/110487"}],"wp:attachment":[{"href":"https:\/\/pepelasalonline.com\/fr\/wp-json\/wp\/v2\/media?parent=13046"}],"wp:term":[{"taxonomy":"product_cat","embeddable":true,"href":"https:\/\/pepelasalonline.com\/fr\/wp-json\/wp\/v2\/product_cat?post=13046"},{"taxonomy":"product_tag","embeddable":true,"href":"https:\/\/pepelasalonline.com\/fr\/wp-json\/wp\/v2\/product_tag?post=13046"}],"curies":[{"name":"wp","href":"https:\/\/api.w.org\/{rel}","templated":true}]}}