{"id":12546,"date":"2020-07-14T20:05:10","date_gmt":"2020-07-14T20:05:10","guid":{"rendered":""},"modified":"2026-03-24T10:41:48","modified_gmt":"2026-03-24T10:41:48","slug":"PPLSL-90642","status":"publish","type":"product","link":"https:\/\/pepelasalonline.com\/fr\/product\/PPLSL-90642\/","title":{"rendered":"ENTRECOT ANGUS"},"content":{"rendered":"<p>Consid\u00e9r\u00e9e comme l'une des meilleures viandes au monde. Tendre, saveur et texture sont douces. Elle pr\u00e9sente la bonne proportion de graisse infiltr\u00e9e. Elle provient d'animaux qui paissent en plein air. Id\u00e9ale pour les barbecues, les grils, les planchas et la cuisson sur pierre.<\/p>","protected":false},"excerpt":{"rendered":"<ul>\n<li>Poids approximatif de 250gr par pi\u00e8ce<\/li>\n<li>D.O. Irlande<\/li>\n<\/ul>","protected":false},"featured_media":109843,"template":"","meta":[],"product_cat":[1658],"product_tag":[],"class_list":{"0":"post-12546","1":"product","2":"type-product","3":"status-publish","4":"has-post-thumbnail","6":"product_cat-PPLSL-2779-section-1-familia-5-subfamilia-7","8":"first","9":"instock","10":"shipping-taxable","11":"purchasable","12":"product-type-simple"},"_links":{"self":[{"href":"https:\/\/pepelasalonline.com\/fr\/wp-json\/wp\/v2\/product\/12546","targetHints":{"allow":["GET"]}}],"collection":[{"href":"https:\/\/pepelasalonline.com\/fr\/wp-json\/wp\/v2\/product"}],"about":[{"href":"https:\/\/pepelasalonline.com\/fr\/wp-json\/wp\/v2\/types\/product"}],"wp:featuredmedia":[{"embeddable":true,"href":"https:\/\/pepelasalonline.com\/fr\/wp-json\/wp\/v2\/media\/109843"}],"wp:attachment":[{"href":"https:\/\/pepelasalonline.com\/fr\/wp-json\/wp\/v2\/media?parent=12546"}],"wp:term":[{"taxonomy":"product_cat","embeddable":true,"href":"https:\/\/pepelasalonline.com\/fr\/wp-json\/wp\/v2\/product_cat?post=12546"},{"taxonomy":"product_tag","embeddable":true,"href":"https:\/\/pepelasalonline.com\/fr\/wp-json\/wp\/v2\/product_tag?post=12546"}],"curies":[{"name":"wp","href":"https:\/\/api.w.org\/{rel}","templated":true}]}}