{"id":12393,"date":"2020-07-14T20:05:00","date_gmt":"2020-07-14T20:05:00","guid":{"rendered":""},"modified":"2026-03-31T21:04:54","modified_gmt":"2026-03-31T19:04:54","slug":"PPLSL-90821","status":"publish","type":"product","link":"https:\/\/pepelasalonline.com\/fr\/product\/PPLSL-90821\/","title":{"rendered":"ENTREC\u00d4TE DE BOEUF"},"content":{"rendered":"<p>Coup\u00e9 apr\u00e8s 30 jours de maturation. C'est une viande tr\u00e8s infiltr\u00e9e, juteuse et tendre. Elle a une saveur tr\u00e8s appr\u00e9ci\u00e9e, id\u00e9ale pour les barbecues et les grillades.<\/p>","protected":false},"excerpt":{"rendered":"<ul>\n<li>Poids unitaire environ 250Gr<\/li>\n<li>Provenance Espagne du Nord<\/li>\n<li>(Galice)<\/li>\n<\/ul>","protected":false},"featured_media":109962,"template":"","meta":[],"product_cat":[1661],"product_tag":[],"class_list":{"0":"post-12393","1":"product","2":"type-product","3":"status-publish","4":"has-post-thumbnail","6":"product_cat-PPLSL-2783-section-1-familia-9-subfamilia-1","8":"first","9":"instock","10":"shipping-taxable","11":"purchasable","12":"product-type-simple"},"_links":{"self":[{"href":"https:\/\/pepelasalonline.com\/fr\/wp-json\/wp\/v2\/product\/12393","targetHints":{"allow":["GET"]}}],"collection":[{"href":"https:\/\/pepelasalonline.com\/fr\/wp-json\/wp\/v2\/product"}],"about":[{"href":"https:\/\/pepelasalonline.com\/fr\/wp-json\/wp\/v2\/types\/product"}],"wp:featuredmedia":[{"embeddable":true,"href":"https:\/\/pepelasalonline.com\/fr\/wp-json\/wp\/v2\/media\/109962"}],"wp:attachment":[{"href":"https:\/\/pepelasalonline.com\/fr\/wp-json\/wp\/v2\/media?parent=12393"}],"wp:term":[{"taxonomy":"product_cat","embeddable":true,"href":"https:\/\/pepelasalonline.com\/fr\/wp-json\/wp\/v2\/product_cat?post=12393"},{"taxonomy":"product_tag","embeddable":true,"href":"https:\/\/pepelasalonline.com\/fr\/wp-json\/wp\/v2\/product_tag?post=12393"}],"curies":[{"name":"wp","href":"https:\/\/api.w.org\/{rel}","templated":true}]}}