{"id":12391,"date":"2020-07-14T20:05:00","date_gmt":"2020-07-14T20:05:00","guid":{"rendered":""},"modified":"2026-03-24T10:41:45","modified_gmt":"2026-03-24T10:41:45","slug":"pplsl-90809","status":"publish","type":"product","link":"https:\/\/pepelasalonline.com\/fr\/product\/pplsl-90809\/","title":{"rendered":"BOURGEOIRS DE BEEUF"},"content":{"rendered":"<p>Des hamburgers faits \u00e0 la main avec de la viande de b\u0153uf de premi\u00e8re qualit\u00e9. Ils se caract\u00e9risent par leur go\u00fbt intense. Id\u00e9al pour les grillades, les fritures et les barbecues.<\/p>","protected":false},"excerpt":{"rendered":"<ul>\n<li>Poids approx. 150-200gr Unit\u00e9<\/li>\n<li>CONTIENT DES SULFITES<\/li>\n<li>SANS GLUTEN NI LACTOSE<\/li>\n<\/ul>","protected":false},"featured_media":109960,"template":"","meta":[],"product_cat":[1744,1670],"product_tag":[],"class_list":{"0":"post-12391","1":"product","2":"type-product","3":"status-publish","4":"has-post-thumbnail","6":"product_cat-PPLSL-2862-section-58-familia-1-subfamilia-1","7":"product_cat-PPLSL-2789-section-1-familia-6-subfamilia-12","9":"first","10":"instock","11":"sale","12":"shipping-taxable","13":"purchasable","14":"product-type-simple"},"_links":{"self":[{"href":"https:\/\/pepelasalonline.com\/fr\/wp-json\/wp\/v2\/product\/12391","targetHints":{"allow":["GET"]}}],"collection":[{"href":"https:\/\/pepelasalonline.com\/fr\/wp-json\/wp\/v2\/product"}],"about":[{"href":"https:\/\/pepelasalonline.com\/fr\/wp-json\/wp\/v2\/types\/product"}],"wp:featuredmedia":[{"embeddable":true,"href":"https:\/\/pepelasalonline.com\/fr\/wp-json\/wp\/v2\/media\/109960"}],"wp:attachment":[{"href":"https:\/\/pepelasalonline.com\/fr\/wp-json\/wp\/v2\/media?parent=12391"}],"wp:term":[{"taxonomy":"product_cat","embeddable":true,"href":"https:\/\/pepelasalonline.com\/fr\/wp-json\/wp\/v2\/product_cat?post=12391"},{"taxonomy":"product_tag","embeddable":true,"href":"https:\/\/pepelasalonline.com\/fr\/wp-json\/wp\/v2\/product_tag?post=12391"}],"curies":[{"name":"wp","href":"https:\/\/api.w.org\/{rel}","templated":true}]}}