{"id":12377,"date":"2020-07-14T20:04:59","date_gmt":"2020-07-14T20:04:59","guid":{"rendered":""},"modified":"2026-04-07T15:52:29","modified_gmt":"2026-04-07T13:52:29","slug":"pplsl-90753","status":"publish","type":"product","link":"https:\/\/pepelasalonline.com\/fr\/product\/pplsl-90753\/","title":{"rendered":"VEAU SKEWERED"},"content":{"rendered":"<p>Brochette compos\u00e9e de b\u0153uf extra-premier, de poivrons verts et rouges et d'oignons. Marin\u00e9e au vin blanc et au poivre noir (CONTIENT DES SULPHITES) SANS GLUTEN.<\/p>","protected":false},"excerpt":{"rendered":"<ul>\n<li>Poids environ 150gr Unit\u00e9<\/li>\n<li>CONTIENT DES SULFITES<\/li>\n<li>SANS GLUTEN<\/li>\n<li>SANS LACTOSE<\/li>\n<\/ul>","protected":false},"featured_media":109928,"template":"","meta":[],"product_cat":[1744,1666],"product_tag":[],"class_list":{"0":"post-12377","1":"product","2":"type-product","3":"status-publish","4":"has-post-thumbnail","6":"product_cat-PPLSL-2862-section-58-familia-1-subfamilia-1","7":"product_cat-PPLSL-2785-section-1-familia-6-subfamilia-8","9":"first","10":"instock","11":"shipping-taxable","12":"purchasable","13":"product-type-simple"},"_links":{"self":[{"href":"https:\/\/pepelasalonline.com\/fr\/wp-json\/wp\/v2\/product\/12377","targetHints":{"allow":["GET"]}}],"collection":[{"href":"https:\/\/pepelasalonline.com\/fr\/wp-json\/wp\/v2\/product"}],"about":[{"href":"https:\/\/pepelasalonline.com\/fr\/wp-json\/wp\/v2\/types\/product"}],"wp:featuredmedia":[{"embeddable":true,"href":"https:\/\/pepelasalonline.com\/fr\/wp-json\/wp\/v2\/media\/109928"}],"wp:attachment":[{"href":"https:\/\/pepelasalonline.com\/fr\/wp-json\/wp\/v2\/media?parent=12377"}],"wp:term":[{"taxonomy":"product_cat","embeddable":true,"href":"https:\/\/pepelasalonline.com\/fr\/wp-json\/wp\/v2\/product_cat?post=12377"},{"taxonomy":"product_tag","embeddable":true,"href":"https:\/\/pepelasalonline.com\/fr\/wp-json\/wp\/v2\/product_tag?post=12377"}],"curies":[{"name":"wp","href":"https:\/\/api.w.org\/{rel}","templated":true}]}}