{"id":12365,"date":"2020-07-14T20:04:58","date_gmt":"2020-07-14T20:04:58","guid":{"rendered":""},"modified":"2026-04-07T17:22:22","modified_gmt":"2026-04-07T15:22:22","slug":"pplsl-90734","status":"publish","type":"product","link":"https:\/\/pepelasalonline.com\/fr\/product\/pplsl-90734\/","title":{"rendered":"BOURGEOIR DE BEEUF"},"content":{"rendered":"<p>Des hamburgers de b\u0153uf faits \u00e0 la main avec de la viande de b\u0153uf de premi\u00e8re qualit\u00e9. Id\u00e9al pour les grillades, les fritures et les barbecues.<\/p>","protected":false},"excerpt":{"rendered":"<ul>\n<li>Poids approximatif de 150 \u00e0 200 grammes par pi\u00e8ce<\/li>\n<li>SANS GLUTEN NI LACTOSE<\/li>\n<li>CONTIENT DES SULFITES<\/li>\n<\/ul>","protected":false},"featured_media":109898,"template":"","meta":[],"product_cat":[1744,1670],"product_tag":[],"class_list":{"0":"post-12365","1":"product","2":"type-product","3":"status-publish","4":"has-post-thumbnail","6":"product_cat-PPLSL-2862-section-58-familia-1-subfamilia-1","7":"product_cat-PPLSL-2789-section-1-familia-6-subfamilia-12","9":"first","10":"instock","11":"shipping-taxable","12":"purchasable","13":"product-type-simple"},"_links":{"self":[{"href":"https:\/\/pepelasalonline.com\/fr\/wp-json\/wp\/v2\/product\/12365","targetHints":{"allow":["GET"]}}],"collection":[{"href":"https:\/\/pepelasalonline.com\/fr\/wp-json\/wp\/v2\/product"}],"about":[{"href":"https:\/\/pepelasalonline.com\/fr\/wp-json\/wp\/v2\/types\/product"}],"wp:featuredmedia":[{"embeddable":true,"href":"https:\/\/pepelasalonline.com\/fr\/wp-json\/wp\/v2\/media\/109898"}],"wp:attachment":[{"href":"https:\/\/pepelasalonline.com\/fr\/wp-json\/wp\/v2\/media?parent=12365"}],"wp:term":[{"taxonomy":"product_cat","embeddable":true,"href":"https:\/\/pepelasalonline.com\/fr\/wp-json\/wp\/v2\/product_cat?post=12365"},{"taxonomy":"product_tag","embeddable":true,"href":"https:\/\/pepelasalonline.com\/fr\/wp-json\/wp\/v2\/product_tag?post=12365"}],"curies":[{"name":"wp","href":"https:\/\/api.w.org\/{rel}","templated":true}]}}