{"id":12357,"date":"2020-07-14T20:04:58","date_gmt":"2020-07-14T20:04:58","guid":{"rendered":""},"modified":"2026-03-24T10:41:44","modified_gmt":"2026-03-24T10:41:44","slug":"PPLSL-90720","status":"publish","type":"product","link":"https:\/\/pepelasalonline.com\/fr\/product\/PPLSL-90720\/","title":{"rendered":"HACHURES DE VEAU"},"content":{"rendered":"<p>Coupe id\u00e9ale pour les grillades ou le barbecue. Comme il s'agit de la partie haute de la c\u00f4telette, la viande est juteuse et savoureuse. Nous recommandons de laisser la viande \u00e0 temp\u00e9rature ambiante pendant une demi-heure avant de la faire cuire, puis de la faire cuire \u00e0 haute temp\u00e9rature en un temps de cuisson court.<\/p>","protected":false},"excerpt":{"rendered":"<ul>\n<li>Poids approximatif de 900gr par pi\u00e8ce<\/li>\n<li>D.O. national<\/li>\n<li>(Asturies, Galice, Le\u00f3n)<\/li>\n<\/ul>","protected":false},"featured_media":109874,"template":"","meta":[],"product_cat":[1744,1663],"product_tag":[],"class_list":{"0":"post-12357","1":"product","2":"type-product","3":"status-publish","4":"has-post-thumbnail","6":"product_cat-PPLSL-2862-section-58-familia-1-subfamilia-1","7":"product_cat-PPLSL-2781-section-1-familia-5-subfamilia-9","9":"first","10":"instock","11":"shipping-taxable","12":"purchasable","13":"product-type-simple"},"_links":{"self":[{"href":"https:\/\/pepelasalonline.com\/fr\/wp-json\/wp\/v2\/product\/12357","targetHints":{"allow":["GET"]}}],"collection":[{"href":"https:\/\/pepelasalonline.com\/fr\/wp-json\/wp\/v2\/product"}],"about":[{"href":"https:\/\/pepelasalonline.com\/fr\/wp-json\/wp\/v2\/types\/product"}],"wp:featuredmedia":[{"embeddable":true,"href":"https:\/\/pepelasalonline.com\/fr\/wp-json\/wp\/v2\/media\/109874"}],"wp:attachment":[{"href":"https:\/\/pepelasalonline.com\/fr\/wp-json\/wp\/v2\/media?parent=12357"}],"wp:term":[{"taxonomy":"product_cat","embeddable":true,"href":"https:\/\/pepelasalonline.com\/fr\/wp-json\/wp\/v2\/product_cat?post=12357"},{"taxonomy":"product_tag","embeddable":true,"href":"https:\/\/pepelasalonline.com\/fr\/wp-json\/wp\/v2\/product_tag?post=12357"}],"curies":[{"name":"wp","href":"https:\/\/api.w.org\/{rel}","templated":true}]}}