{"id":12356,"date":"2020-07-14T20:04:58","date_gmt":"2020-07-14T20:04:58","guid":{"rendered":""},"modified":"2026-03-24T10:41:44","modified_gmt":"2026-03-24T10:41:44","slug":"PPLSL-90634","status":"publish","type":"product","link":"https:\/\/pepelasalonline.com\/fr\/product\/PPLSL-90634\/","title":{"rendered":"CHULETON BUEY"},"content":{"rendered":"<p>Coup\u00e9 apr\u00e8s 30 jours de maturation. C'est une viande tr\u00e8s infiltr\u00e9e, juteuse et tendre. Elle a une saveur tr\u00e8s appr\u00e9ci\u00e9e, id\u00e9ale pour les barbecues et les grillades.<\/p>","protected":false},"excerpt":{"rendered":"<ul>\n<li>Poids approximatif de 500gr par pi\u00e8ce<\/li>\n<li>D.O. Nord de l'Espagne<\/li>\n<li>(Galice, Asturies)<\/li>\n<\/ul>","protected":false},"featured_media":109839,"template":"","meta":[],"product_cat":[1744,1665],"product_tag":[],"class_list":{"0":"post-12356","1":"product","2":"type-product","3":"status-publish","4":"has-post-thumbnail","6":"product_cat-PPLSL-2862-section-58-familia-1-subfamilia-1","7":"product_cat-PPLSL-2784-section-1-familia-9-subfamilia-3","9":"first","10":"instock","11":"shipping-taxable","12":"purchasable","13":"product-type-simple"},"_links":{"self":[{"href":"https:\/\/pepelasalonline.com\/fr\/wp-json\/wp\/v2\/product\/12356","targetHints":{"allow":["GET"]}}],"collection":[{"href":"https:\/\/pepelasalonline.com\/fr\/wp-json\/wp\/v2\/product"}],"about":[{"href":"https:\/\/pepelasalonline.com\/fr\/wp-json\/wp\/v2\/types\/product"}],"wp:featuredmedia":[{"embeddable":true,"href":"https:\/\/pepelasalonline.com\/fr\/wp-json\/wp\/v2\/media\/109839"}],"wp:attachment":[{"href":"https:\/\/pepelasalonline.com\/fr\/wp-json\/wp\/v2\/media?parent=12356"}],"wp:term":[{"taxonomy":"product_cat","embeddable":true,"href":"https:\/\/pepelasalonline.com\/fr\/wp-json\/wp\/v2\/product_cat?post=12356"},{"taxonomy":"product_tag","embeddable":true,"href":"https:\/\/pepelasalonline.com\/fr\/wp-json\/wp\/v2\/product_tag?post=12356"}],"curies":[{"name":"wp","href":"https:\/\/api.w.org\/{rel}","templated":true}]}}