{"id":12353,"date":"2020-07-14T20:04:58","date_gmt":"2020-07-14T20:04:58","guid":{"rendered":""},"modified":"2026-04-14T10:45:04","modified_gmt":"2026-04-14T10:45:04","slug":"PPLSL-90517","status":"publish","type":"product","link":"https:\/\/pepelasalonline.com\/fr\/product\/PPLSL-90517\/","title":{"rendered":"CHULETON BUEY VALLE DEL ESLAS"},"content":{"rendered":"<p>Il provient de la race Parda de Monta\u00f1a, originaire des montagnes de Le\u00f3n. Ce sont des chuletones d'authentiques b\u0153ufs castr\u00e9s de plus de 48 mois. Il s'agit d'une viande de grande qualit\u00e9 qui rendra vos barbecues inoubliables.<\/p>","protected":false},"excerpt":{"rendered":"<ul>\n<li>Poids approximatif de 1,3 kg par pi\u00e8ce.<\/li>\n<li>D.O. Le\u00f3n<\/li>\n<\/ul>","protected":false},"featured_media":109799,"template":"","meta":[],"product_cat":[1744,1665],"product_tag":[],"class_list":{"0":"post-12353","1":"product","2":"type-product","3":"status-publish","4":"has-post-thumbnail","6":"product_cat-PPLSL-2862-section-58-familia-1-subfamilia-1","7":"product_cat-PPLSL-2784-section-1-familia-9-subfamilia-3","9":"first","10":"instock","11":"shipping-taxable","12":"purchasable","13":"product-type-simple"},"_links":{"self":[{"href":"https:\/\/pepelasalonline.com\/fr\/wp-json\/wp\/v2\/product\/12353","targetHints":{"allow":["GET"]}}],"collection":[{"href":"https:\/\/pepelasalonline.com\/fr\/wp-json\/wp\/v2\/product"}],"about":[{"href":"https:\/\/pepelasalonline.com\/fr\/wp-json\/wp\/v2\/types\/product"}],"wp:featuredmedia":[{"embeddable":true,"href":"https:\/\/pepelasalonline.com\/fr\/wp-json\/wp\/v2\/media\/109799"}],"wp:attachment":[{"href":"https:\/\/pepelasalonline.com\/fr\/wp-json\/wp\/v2\/media?parent=12353"}],"wp:term":[{"taxonomy":"product_cat","embeddable":true,"href":"https:\/\/pepelasalonline.com\/fr\/wp-json\/wp\/v2\/product_cat?post=12353"},{"taxonomy":"product_tag","embeddable":true,"href":"https:\/\/pepelasalonline.com\/fr\/wp-json\/wp\/v2\/product_tag?post=12353"}],"curies":[{"name":"wp","href":"https:\/\/api.w.org\/{rel}","templated":true}]}}