{"id":11611,"date":"2020-07-14T20:03:27","date_gmt":"2020-07-14T20:03:27","guid":{"rendered":""},"modified":"2026-03-24T10:40:53","modified_gmt":"2026-03-24T10:40:53","slug":"PPLSL-15051","status":"publish","type":"product","link":"https:\/\/pepelasalonline.com\/fr\/product\/PPLSL-15051\/","title":{"rendered":"HAK SPLITERWTEN POIS CASSES 500GR"},"content":{"rendered":"<p>Pois verts cass\u00e9s s\u00e9ch\u00e9s.<\/p>","protected":false},"excerpt":{"rendered":"<p>Pois verts cass\u00e9s s\u00e9ch\u00e9s.<\/p>","protected":false},"featured_media":79087,"template":"","meta":[],"product_cat":[1072],"product_tag":[],"class_list":{"0":"post-11611","1":"product","2":"type-product","3":"status-publish","4":"has-post-thumbnail","6":"product_cat-PPLSL-2611-section-40-familia-5-subfamilia-4","8":"first","9":"instock","10":"shipping-taxable","11":"purchasable","12":"product-type-simple"},"_links":{"self":[{"href":"https:\/\/pepelasalonline.com\/fr\/wp-json\/wp\/v2\/product\/11611","targetHints":{"allow":["GET"]}}],"collection":[{"href":"https:\/\/pepelasalonline.com\/fr\/wp-json\/wp\/v2\/product"}],"about":[{"href":"https:\/\/pepelasalonline.com\/fr\/wp-json\/wp\/v2\/types\/product"}],"wp:featuredmedia":[{"embeddable":true,"href":"https:\/\/pepelasalonline.com\/fr\/wp-json\/wp\/v2\/media\/79087"}],"wp:attachment":[{"href":"https:\/\/pepelasalonline.com\/fr\/wp-json\/wp\/v2\/media?parent=11611"}],"wp:term":[{"taxonomy":"product_cat","embeddable":true,"href":"https:\/\/pepelasalonline.com\/fr\/wp-json\/wp\/v2\/product_cat?post=11611"},{"taxonomy":"product_tag","embeddable":true,"href":"https:\/\/pepelasalonline.com\/fr\/wp-json\/wp\/v2\/product_tag?post=11611"}],"curies":[{"name":"wp","href":"https:\/\/api.w.org\/{rel}","templated":true}]}}