{"id":11541,"date":"2020-07-14T20:03:22","date_gmt":"2020-07-14T20:03:22","guid":{"rendered":""},"modified":"2026-03-24T10:40:52","modified_gmt":"2026-03-24T10:40:52","slug":"PPLSL-13231","status":"publish","type":"product","link":"https:\/\/pepelasalonline.com\/fr\/product\/PPLSL-13231\/","title":{"rendered":"YAOURT AROMATIS\u00c9 BAUER 250G"},"content":{"rendered":"<p>(sucre, cerises, eau, amidon modifi\u00e9 (\u00e0 l'origine amidon de ma\u00efs), concentr\u00e9 de raisin, r\u00e9gulateurs d'acidit\u00e9. Citrate de sodium, acide citrique).<\/p>","protected":false},"excerpt":{"rendered":"<p>(sucre, cerises, eau, amidon modifi\u00e9 (\u00e0 l'origine amidon de ma\u00efs), concentr\u00e9 de raisin, r\u00e9gulateurs d'acidit\u00e9. Citrate de sodium, acide citrique).<\/p>","protected":false},"featured_media":78886,"template":"","meta":[],"product_cat":[1265],"product_tag":[],"class_list":{"0":"post-11541","1":"product","2":"type-product","3":"status-publish","4":"has-post-thumbnail","6":"product_cat-PPLSL-2038-section-41-familia-8-subfamilia-7","8":"first","9":"instock","10":"shipping-taxable","11":"purchasable","12":"product-type-simple"},"_links":{"self":[{"href":"https:\/\/pepelasalonline.com\/fr\/wp-json\/wp\/v2\/product\/11541","targetHints":{"allow":["GET"]}}],"collection":[{"href":"https:\/\/pepelasalonline.com\/fr\/wp-json\/wp\/v2\/product"}],"about":[{"href":"https:\/\/pepelasalonline.com\/fr\/wp-json\/wp\/v2\/types\/product"}],"wp:featuredmedia":[{"embeddable":true,"href":"https:\/\/pepelasalonline.com\/fr\/wp-json\/wp\/v2\/media\/78886"}],"wp:attachment":[{"href":"https:\/\/pepelasalonline.com\/fr\/wp-json\/wp\/v2\/media?parent=11541"}],"wp:term":[{"taxonomy":"product_cat","embeddable":true,"href":"https:\/\/pepelasalonline.com\/fr\/wp-json\/wp\/v2\/product_cat?post=11541"},{"taxonomy":"product_tag","embeddable":true,"href":"https:\/\/pepelasalonline.com\/fr\/wp-json\/wp\/v2\/product_tag?post=11541"}],"curies":[{"name":"wp","href":"https:\/\/api.w.org\/{rel}","templated":true}]}}