{"id":11538,"date":"2020-07-14T20:03:22","date_gmt":"2020-07-14T20:03:22","guid":{"rendered":""},"modified":"2026-03-24T10:40:51","modified_gmt":"2026-03-24T10:40:51","slug":"PPLSL-13224","status":"publish","type":"product","link":"https:\/\/pepelasalonline.com\/fr\/product\/PPLSL-13224\/","title":{"rendered":"ALPRO CUISINE SOJA CUISSON 250ML"},"content":{"rendered":"<p>Eau, huile v\u00e9g\u00e9tale, graines de soja d\u00e9cortiqu\u00e9es, sirop de glucose-fructose, \u00e9mulsifiants, gomme de guar, sel, antioxydants.<\/p>","protected":false},"excerpt":{"rendered":"<ul>\n<li>SANS GLUTEN<\/li>\n<\/ul>","protected":false},"featured_media":737544,"template":"","meta":[],"product_cat":[1260,1730],"product_tag":[],"class_list":{"0":"post-11538","1":"product","2":"type-product","3":"status-publish","4":"has-post-thumbnail","6":"product_cat-PPLSL-2032-section-41-familia-8-subfamilia-1","7":"product_cat-sin-gluten","9":"first","10":"instock","11":"shipping-taxable","12":"purchasable","13":"product-type-simple"},"_links":{"self":[{"href":"https:\/\/pepelasalonline.com\/fr\/wp-json\/wp\/v2\/product\/11538","targetHints":{"allow":["GET"]}}],"collection":[{"href":"https:\/\/pepelasalonline.com\/fr\/wp-json\/wp\/v2\/product"}],"about":[{"href":"https:\/\/pepelasalonline.com\/fr\/wp-json\/wp\/v2\/types\/product"}],"wp:featuredmedia":[{"embeddable":true,"href":"https:\/\/pepelasalonline.com\/fr\/wp-json\/wp\/v2\/media\/737544"}],"wp:attachment":[{"href":"https:\/\/pepelasalonline.com\/fr\/wp-json\/wp\/v2\/media?parent=11538"}],"wp:term":[{"taxonomy":"product_cat","embeddable":true,"href":"https:\/\/pepelasalonline.com\/fr\/wp-json\/wp\/v2\/product_cat?post=11538"},{"taxonomy":"product_tag","embeddable":true,"href":"https:\/\/pepelasalonline.com\/fr\/wp-json\/wp\/v2\/product_tag?post=11538"}],"curies":[{"name":"wp","href":"https:\/\/api.w.org\/{rel}","templated":true}]}}