{"id":11378,"date":"2020-07-14T20:02:54","date_gmt":"2020-07-14T20:02:54","guid":{"rendered":""},"modified":"2026-03-24T10:40:34","modified_gmt":"2026-03-24T10:40:34","slug":"PPLSL-9690","status":"publish","type":"product","link":"https:\/\/pepelasalonline.com\/fr\/product\/PPLSL-9690\/","title":{"rendered":"JT. LINSENEINTOPF 800GR"},"content":{"rendered":"<p>Eau, 15% de lentilles, 6, 2% de poitrine de porc (porc, sel iod\u00e9, dextrose, sirop de glucose, extrait d'\u00e9pices, fum\u00e9e), 4% d'huile d'olive et d'huile d'olive.<br \/>\npomme de terre, 3, 4% carotte, concentr\u00e9 de tomates, pur\u00e9e d'oignons, amidon de ma\u00efs modifi\u00e9, moutarde (eau, graines de moutarde, l'amidon de ma\u00efs modifi\u00e9).<br \/>\nvinaigre aux extraits de plantes (m\u00e9lasse de betterave, eau, ar\u00f4me naturel, caramel), sel, huile v\u00e9g\u00e9tale, farine de bl\u00e9,<br \/>\nar\u00f4me naturel, herbes (dont c\u00e9leri), poireaux, \u00e9paississant : gomme.<\/p>","protected":false},"excerpt":{"rendered":"<p>Agua, 15% de lentejas, 6, 2% vientre de cerdo (cerdo, sal yodada, dextrosa, jarabe de glucosa, extracto de especias, humo), 4% de patata, 3, 4% de zanahoria, pasta de tomate, pur\u00e9 de cebolla, de almid\u00f3n de ma\u00edz modificado, mostaza (agua, semillas de mostaza, el vinagre con extractos de hierbas (melaza de remolacha de az\u00facar, agua, [&hellip;]<\/p>\n","protected":false},"featured_media":78560,"template":"","meta":[],"product_cat":[1103],"product_tag":[],"class_list":{"0":"post-11378","1":"product","2":"type-product","3":"status-publish","4":"has-post-thumbnail","6":"product_cat-PPLSL-2612-section-40-familia-9-subfamilia-7","8":"first","9":"instock","10":"shipping-taxable","11":"purchasable","12":"product-type-simple"},"_links":{"self":[{"href":"https:\/\/pepelasalonline.com\/fr\/wp-json\/wp\/v2\/product\/11378","targetHints":{"allow":["GET"]}}],"collection":[{"href":"https:\/\/pepelasalonline.com\/fr\/wp-json\/wp\/v2\/product"}],"about":[{"href":"https:\/\/pepelasalonline.com\/fr\/wp-json\/wp\/v2\/types\/product"}],"wp:featuredmedia":[{"embeddable":true,"href":"https:\/\/pepelasalonline.com\/fr\/wp-json\/wp\/v2\/media\/78560"}],"wp:attachment":[{"href":"https:\/\/pepelasalonline.com\/fr\/wp-json\/wp\/v2\/media?parent=11378"}],"wp:term":[{"taxonomy":"product_cat","embeddable":true,"href":"https:\/\/pepelasalonline.com\/fr\/wp-json\/wp\/v2\/product_cat?post=11378"},{"taxonomy":"product_tag","embeddable":true,"href":"https:\/\/pepelasalonline.com\/fr\/wp-json\/wp\/v2\/product_tag?post=11378"}],"curies":[{"name":"wp","href":"https:\/\/api.w.org\/{rel}","templated":true}]}}