{"id":11345,"date":"2020-07-14T20:02:47","date_gmt":"2020-07-14T20:02:47","guid":{"rendered":""},"modified":"2026-03-24T10:40:31","modified_gmt":"2026-03-24T10:40:31","slug":"PPLSL-6827","status":"publish","type":"product","link":"https:\/\/pepelasalonline.com\/fr\/product\/PPLSL-6827\/","title":{"rendered":"L.ROEDERER BRUT CHAMP. PREMIER 75CL"},"content":{"rendered":"<p>Champagne frais, fin et vif, \u00e9labor\u00e9 \u00e0 partir de vins de diff\u00e9rents mill\u00e9simes issus de trois c\u00e9pages typiques de la Champagne : Chardonnay, Pinot Meunier, Pinot Noir et Pinot Noir.<\/p>","protected":false},"excerpt":{"rendered":"<ul>\n<li>3 ANS DE MATURATION<\/li>\n<li>6 MOIS DE REPOS APR\u00c8S L'\u00c9CORCHAGE<\/li>\n<li>CHAMPAGNE A.O.C.<\/li>\n<\/ul>","protected":false},"featured_media":112130,"template":"","meta":[],"product_cat":[1419,1741],"product_tag":[],"class_list":{"0":"post-11345","1":"product","2":"type-product","3":"status-publish","4":"has-post-thumbnail","6":"product_cat-PPLSL-2184-section-44-familia-12-subfamilia-1","7":"product_cat-PPLSL-2757-section-54-familia-1-subfamilia-1","9":"first","10":"instock","11":"shipping-taxable","12":"purchasable","13":"product-type-simple"},"_links":{"self":[{"href":"https:\/\/pepelasalonline.com\/fr\/wp-json\/wp\/v2\/product\/11345","targetHints":{"allow":["GET"]}}],"collection":[{"href":"https:\/\/pepelasalonline.com\/fr\/wp-json\/wp\/v2\/product"}],"about":[{"href":"https:\/\/pepelasalonline.com\/fr\/wp-json\/wp\/v2\/types\/product"}],"wp:featuredmedia":[{"embeddable":true,"href":"https:\/\/pepelasalonline.com\/fr\/wp-json\/wp\/v2\/media\/112130"}],"wp:attachment":[{"href":"https:\/\/pepelasalonline.com\/fr\/wp-json\/wp\/v2\/media?parent=11345"}],"wp:term":[{"taxonomy":"product_cat","embeddable":true,"href":"https:\/\/pepelasalonline.com\/fr\/wp-json\/wp\/v2\/product_cat?post=11345"},{"taxonomy":"product_tag","embeddable":true,"href":"https:\/\/pepelasalonline.com\/fr\/wp-json\/wp\/v2\/product_tag?post=11345"}],"curies":[{"name":"wp","href":"https:\/\/api.w.org\/{rel}","templated":true}]}}